{"id":51,"date":"2018-11-14T09:55:29","date_gmt":"2018-11-14T08:55:29","guid":{"rendered":"https:\/\/www.kontrowersjewpediatrii.pl\/2021\/?page_id=51"},"modified":"2021-02-03T13:22:21","modified_gmt":"2021-02-03T12:22:21","slug":"kontakt","status":"publish","type":"page","link":"https:\/\/www.kontrowersjewpediatrii.pl\/2021\/kontakt\/","title":{"rendered":"Kontakt"},"content":{"rendered":"<p><strong>Kontakt w sprawach naukowych:<\/strong><\/p>\n<p><a href=\"http:\/\/www.pediatria.cm-uj.krakow.pl\/\" target=\"_blank\" rel=\"noopener noreferrer\"><img loading=\"lazy\" class=\"alignright wp-image-68\" title=\"Logo Pediatria CM UJ\" src=\"https:\/\/www.kontrowersjewpediatrii.pl\/2021\/wp-content\/uploads\/2018\/11\/UJ-269x300.png\" alt=\"\" width=\"100\" height=\"112\" srcset=\"https:\/\/www.kontrowersjewpediatrii.pl\/2021\/wp-content\/uploads\/2018\/11\/UJ-269x300.png 269w, https:\/\/www.kontrowersjewpediatrii.pl\/2021\/wp-content\/uploads\/2018\/11\/UJ.png 530w\" sizes=\"(max-width: 100px) 100vw, 100px\" \/><\/a><\/p>\n<p>Klinika Chor\u00f3b Dzieci Katedry Pediatrii Uniwersytetu Jagiello\u0144skiego, Collegium Medicum<\/p>\n<p>ul. Wielicka 265, 30-663 Krak\u00f3w<\/p>\n<p>tel. 12 333 90 35, 12 333 90 36, e-mail: <a href=\"mailto:pediatria@usdk.pl\">pediatria@usdk.pl<\/a><\/p>\n<p><a href=\"http:\/\/www.pediatria.cm-uj.krakow.pl\" target=\"_blank\" rel=\"noopener noreferrer\">www.pediatria.cm-uj.krakow.pl<\/a><\/p>\n<p><strong>Kontakt w sprawach organizacyjnych:<\/strong><\/p>\n<p><a href=\"http:\/\/www.medvisa.pl\" target=\"_blank\" rel=\"noopener noreferrer\"><img loading=\"lazy\" class=\"alignright wp-image-102\" title=\"Logo organizatora Medvisa\" src=\"https:\/\/www.kontrowersjewpediatrii.pl\/2021\/wp-content\/uploads\/2018\/11\/Medvisa-logo-300x127.jpg\" alt=\"\" width=\"137\" height=\"58\" srcset=\"https:\/\/www.kontrowersjewpediatrii.pl\/2021\/wp-content\/uploads\/2018\/11\/Medvisa-logo-300x127.jpg 300w, https:\/\/www.kontrowersjewpediatrii.pl\/2021\/wp-content\/uploads\/2018\/11\/Medvisa-logo-600x253.jpg 600w, https:\/\/www.kontrowersjewpediatrii.pl\/2021\/wp-content\/uploads\/2018\/11\/Medvisa-logo.jpg 618w\" sizes=\"(max-width: 137px) 100vw, 137px\" \/><\/a><\/p>\n<p>Medvisa Healthcare Solutions<\/p>\n<p>ul. Fredry 7\/10, 61-701 Pozna\u0144<\/p>\n<p>tel. +48 690 906 766, +48 570 131 777<\/p>\n<p>e-mail: <a href=\"mailto:biuro@medvisa.pl\">biuro@medvisa.pl<\/a><\/p>\n<p><a href=\"http:\/\/www.medvisa.pl\" target=\"_blank\" rel=\"noopener noreferrer\">www.medvisa.pl<\/a><\/p>\n","protected":false},"excerpt":{"rendered":"<p>Kontakt w sprawach naukowych: Klinika Chor\u00f3b Dzieci Katedry Pediatrii Uniwersytetu Jagiello\u0144skiego, Collegium Medicum ul. Wielicka 265, 30-663 Krak\u00f3w tel. 12 333 90 35, 12 333 90 36, e-mail: pediatria@usdk.pl www.pediatria.cm-uj.krakow.pl Kontakt w sprawach organizacyjnych: Medvisa Healthcare Solutions ul. Fredry 7\/10, 61-701 Pozna\u0144 tel. +48 690 906 766, +48 570 131 777 e-mail: biuro@medvisa.pl www.medvisa.pl<\/p>\n","protected":false},"author":1,"featured_media":0,"parent":0,"menu_order":0,"comment_status":"closed","ping_status":"closed","template":"template_page.php","meta":[],"acf":[],"yoast_head":"<!-- This site is optimized with the Yoast SEO plugin v17.7 - https:\/\/yoast.com\/wordpress\/plugins\/seo\/ -->\n<meta name=\"description\" content=\"Potrzebujesz wi\u0119cej informacji? Skontaktuj si\u0119 z nami! Bezpo\u015bredni telefoniczny lub mailowy kontakt w sprawach organizacyjnych oraz naukowych.\" \/>\n<meta name=\"robots\" content=\"index, follow, max-snippet:-1, max-image-preview:large, max-video-preview:-1\" \/>\n<link rel=\"canonical\" href=\"https:\/\/www.kontrowersjewpediatrii.pl\/2021\/kontakt\/\" \/>\n<meta property=\"og:locale\" content=\"pl_PL\" \/>\n<meta property=\"og:type\" content=\"article\" \/>\n<meta property=\"og:title\" content=\"Kontakt | Kontrowersje w pediatrii\" \/>\n<meta property=\"og:description\" content=\"Potrzebujesz wi\u0119cej informacji? Skontaktuj si\u0119 z nami! Bezpo\u015bredni telefoniczny lub mailowy kontakt w sprawach organizacyjnych oraz naukowych.\" \/>\n<meta property=\"og:url\" content=\"https:\/\/www.kontrowersjewpediatrii.pl\/2021\/kontakt\/\" \/>\n<meta property=\"og:site_name\" content=\"Kontrowersje w pediatrii\" \/>\n<meta property=\"article:modified_time\" content=\"2021-02-03T12:22:21+00:00\" \/>\n<meta property=\"og:image\" content=\"https:\/\/www.kontrowersjewpediatrii.pl\/2021\/wp-content\/uploads\/2018\/11\/UJ-269x300.png\" \/>\n<meta name=\"twitter:card\" content=\"summary_large_image\" \/>\n<meta name=\"twitter:label1\" content=\"Szacowany czas czytania\" \/>\n\t<meta name=\"twitter:data1\" content=\"1 minuta\" \/>\n<script type=\"application\/ld+json\" class=\"yoast-schema-graph\">{\"@context\":\"https:\/\/schema.org\",\"@graph\":[{\"@type\":\"Organization\",\"@id\":\"https:\/\/www.kontrowersjewpediatrii.pl\/2021\/#organization\",\"name\":\"Kontrowersje w Pediatrii\",\"url\":\"https:\/\/www.kontrowersjewpediatrii.pl\/2021\/\",\"sameAs\":[],\"logo\":{\"@type\":\"ImageObject\",\"@id\":\"https:\/\/www.kontrowersjewpediatrii.pl\/2021\/#logo\",\"inLanguage\":\"pl-PL\",\"url\":\"https:\/\/www.kontrowersjewpediatrii.pl\/2021\/wp-content\/uploads\/2019\/09\/logo.jpg\",\"contentUrl\":\"https:\/\/www.kontrowersjewpediatrii.pl\/2021\/wp-content\/uploads\/2019\/09\/logo.jpg\",\"width\":512,\"height\":512,\"caption\":\"Kontrowersje w Pediatrii\"},\"image\":{\"@id\":\"https:\/\/www.kontrowersjewpediatrii.pl\/2021\/#logo\"}},{\"@type\":\"WebSite\",\"@id\":\"https:\/\/www.kontrowersjewpediatrii.pl\/2021\/#website\",\"url\":\"https:\/\/www.kontrowersjewpediatrii.pl\/2021\/\",\"name\":\"Kontrowersje w pediatrii\",\"description\":\"XIII Konferencja dla Pediatr\\u00f3w\",\"publisher\":{\"@id\":\"https:\/\/www.kontrowersjewpediatrii.pl\/2021\/#organization\"},\"potentialAction\":[{\"@type\":\"SearchAction\",\"target\":{\"@type\":\"EntryPoint\",\"urlTemplate\":\"https:\/\/www.kontrowersjewpediatrii.pl\/2021\/?s={search_term_string}\"},\"query-input\":\"required name=search_term_string\"}],\"inLanguage\":\"pl-PL\"},{\"@type\":\"ImageObject\",\"@id\":\"https:\/\/www.kontrowersjewpediatrii.pl\/2021\/kontakt\/#primaryimage\",\"inLanguage\":\"pl-PL\",\"url\":\"https:\/\/www.kontrowersjewpediatrii.pl\/2021\/wp-content\/uploads\/2018\/11\/UJ.png\",\"contentUrl\":\"https:\/\/www.kontrowersjewpediatrii.pl\/2021\/wp-content\/uploads\/2018\/11\/UJ.png\",\"width\":530,\"height\":590},{\"@type\":\"WebPage\",\"@id\":\"https:\/\/www.kontrowersjewpediatrii.pl\/2021\/kontakt\/#webpage\",\"url\":\"https:\/\/www.kontrowersjewpediatrii.pl\/2021\/kontakt\/\",\"name\":\"Kontakt | Kontrowersje w pediatrii\",\"isPartOf\":{\"@id\":\"https:\/\/www.kontrowersjewpediatrii.pl\/2021\/#website\"},\"primaryImageOfPage\":{\"@id\":\"https:\/\/www.kontrowersjewpediatrii.pl\/2021\/kontakt\/#primaryimage\"},\"datePublished\":\"2018-11-14T08:55:29+00:00\",\"dateModified\":\"2021-02-03T12:22:21+00:00\",\"description\":\"Potrzebujesz wi\\u0119cej informacji? Skontaktuj si\\u0119 z nami! Bezpo\\u015bredni telefoniczny lub mailowy kontakt w sprawach organizacyjnych oraz naukowych.\",\"breadcrumb\":{\"@id\":\"https:\/\/www.kontrowersjewpediatrii.pl\/2021\/kontakt\/#breadcrumb\"},\"inLanguage\":\"pl-PL\",\"potentialAction\":[{\"@type\":\"ReadAction\",\"target\":[\"https:\/\/www.kontrowersjewpediatrii.pl\/2021\/kontakt\/\"]}]},{\"@type\":\"BreadcrumbList\",\"@id\":\"https:\/\/www.kontrowersjewpediatrii.pl\/2021\/kontakt\/#breadcrumb\",\"itemListElement\":[{\"@type\":\"ListItem\",\"position\":1,\"name\":\"Strona g\\u0142\\u00f3wna\",\"item\":\"https:\/\/www.kontrowersjewpediatrii.pl\/2021\/\"},{\"@type\":\"ListItem\",\"position\":2,\"name\":\"Kontakt\"}]}]}<\/script>\n<!-- \/ Yoast SEO plugin. -->","yoast_head_json":{"description":"Potrzebujesz wi\u0119cej informacji? Skontaktuj si\u0119 z nami! Bezpo\u015bredni telefoniczny lub mailowy kontakt w sprawach organizacyjnych oraz naukowych.","robots":{"index":"index","follow":"follow","max-snippet":"max-snippet:-1","max-image-preview":"max-image-preview:large","max-video-preview":"max-video-preview:-1"},"canonical":"https:\/\/www.kontrowersjewpediatrii.pl\/2021\/kontakt\/","og_locale":"pl_PL","og_type":"article","og_title":"Kontakt | Kontrowersje w pediatrii","og_description":"Potrzebujesz wi\u0119cej informacji? Skontaktuj si\u0119 z nami! Bezpo\u015bredni telefoniczny lub mailowy kontakt w sprawach organizacyjnych oraz naukowych.","og_url":"https:\/\/www.kontrowersjewpediatrii.pl\/2021\/kontakt\/","og_site_name":"Kontrowersje w pediatrii","article_modified_time":"2021-02-03T12:22:21+00:00","og_image":[{"url":"https:\/\/www.kontrowersjewpediatrii.pl\/2021\/wp-content\/uploads\/2018\/11\/UJ-269x300.png"}],"twitter_card":"summary_large_image","twitter_misc":{"Szacowany czas czytania":"1 minuta"},"schema":{"@context":"https:\/\/schema.org","@graph":[{"@type":"Organization","@id":"https:\/\/www.kontrowersjewpediatrii.pl\/2021\/#organization","name":"Kontrowersje w Pediatrii","url":"https:\/\/www.kontrowersjewpediatrii.pl\/2021\/","sameAs":[],"logo":{"@type":"ImageObject","@id":"https:\/\/www.kontrowersjewpediatrii.pl\/2021\/#logo","inLanguage":"pl-PL","url":"https:\/\/www.kontrowersjewpediatrii.pl\/2021\/wp-content\/uploads\/2019\/09\/logo.jpg","contentUrl":"https:\/\/www.kontrowersjewpediatrii.pl\/2021\/wp-content\/uploads\/2019\/09\/logo.jpg","width":512,"height":512,"caption":"Kontrowersje w Pediatrii"},"image":{"@id":"https:\/\/www.kontrowersjewpediatrii.pl\/2021\/#logo"}},{"@type":"WebSite","@id":"https:\/\/www.kontrowersjewpediatrii.pl\/2021\/#website","url":"https:\/\/www.kontrowersjewpediatrii.pl\/2021\/","name":"Kontrowersje w pediatrii","description":"XIII Konferencja dla Pediatr\u00f3w","publisher":{"@id":"https:\/\/www.kontrowersjewpediatrii.pl\/2021\/#organization"},"potentialAction":[{"@type":"SearchAction","target":{"@type":"EntryPoint","urlTemplate":"https:\/\/www.kontrowersjewpediatrii.pl\/2021\/?s={search_term_string}"},"query-input":"required name=search_term_string"}],"inLanguage":"pl-PL"},{"@type":"ImageObject","@id":"https:\/\/www.kontrowersjewpediatrii.pl\/2021\/kontakt\/#primaryimage","inLanguage":"pl-PL","url":"https:\/\/www.kontrowersjewpediatrii.pl\/2021\/wp-content\/uploads\/2018\/11\/UJ.png","contentUrl":"https:\/\/www.kontrowersjewpediatrii.pl\/2021\/wp-content\/uploads\/2018\/11\/UJ.png","width":530,"height":590},{"@type":"WebPage","@id":"https:\/\/www.kontrowersjewpediatrii.pl\/2021\/kontakt\/#webpage","url":"https:\/\/www.kontrowersjewpediatrii.pl\/2021\/kontakt\/","name":"Kontakt | Kontrowersje w pediatrii","isPartOf":{"@id":"https:\/\/www.kontrowersjewpediatrii.pl\/2021\/#website"},"primaryImageOfPage":{"@id":"https:\/\/www.kontrowersjewpediatrii.pl\/2021\/kontakt\/#primaryimage"},"datePublished":"2018-11-14T08:55:29+00:00","dateModified":"2021-02-03T12:22:21+00:00","description":"Potrzebujesz wi\u0119cej informacji? Skontaktuj si\u0119 z nami! Bezpo\u015bredni telefoniczny lub mailowy kontakt w sprawach organizacyjnych oraz naukowych.","breadcrumb":{"@id":"https:\/\/www.kontrowersjewpediatrii.pl\/2021\/kontakt\/#breadcrumb"},"inLanguage":"pl-PL","potentialAction":[{"@type":"ReadAction","target":["https:\/\/www.kontrowersjewpediatrii.pl\/2021\/kontakt\/"]}]},{"@type":"BreadcrumbList","@id":"https:\/\/www.kontrowersjewpediatrii.pl\/2021\/kontakt\/#breadcrumb","itemListElement":[{"@type":"ListItem","position":1,"name":"Strona g\u0142\u00f3wna","item":"https:\/\/www.kontrowersjewpediatrii.pl\/2021\/"},{"@type":"ListItem","position":2,"name":"Kontakt"}]}]}},"_links":{"self":[{"href":"https:\/\/www.kontrowersjewpediatrii.pl\/2021\/wp-json\/wp\/v2\/pages\/51"}],"collection":[{"href":"https:\/\/www.kontrowersjewpediatrii.pl\/2021\/wp-json\/wp\/v2\/pages"}],"about":[{"href":"https:\/\/www.kontrowersjewpediatrii.pl\/2021\/wp-json\/wp\/v2\/types\/page"}],"author":[{"embeddable":true,"href":"https:\/\/www.kontrowersjewpediatrii.pl\/2021\/wp-json\/wp\/v2\/users\/1"}],"replies":[{"embeddable":true,"href":"https:\/\/www.kontrowersjewpediatrii.pl\/2021\/wp-json\/wp\/v2\/comments?post=51"}],"version-history":[{"count":13,"href":"https:\/\/www.kontrowersjewpediatrii.pl\/2021\/wp-json\/wp\/v2\/pages\/51\/revisions"}],"predecessor-version":[{"id":1418,"href":"https:\/\/www.kontrowersjewpediatrii.pl\/2021\/wp-json\/wp\/v2\/pages\/51\/revisions\/1418"}],"wp:attachment":[{"href":"https:\/\/www.kontrowersjewpediatrii.pl\/2021\/wp-json\/wp\/v2\/media?parent=51"}],"curies":[{"name":"wp","href":"https:\/\/api.w.org\/{rel}","templated":true}]}}