{"id":1925,"date":"2022-03-11T15:59:35","date_gmt":"2022-03-11T14:59:35","guid":{"rendered":"https:\/\/www.kontrowersjewpediatrii.pl\/2022\/?page_id=1925"},"modified":"2022-03-16T14:14:35","modified_gmt":"2022-03-16T13:14:35","slug":"pomoc-ukrainie","status":"publish","type":"page","link":"https:\/\/www.kontrowersjewpediatrii.pl\/2022\/pomoc-ukrainie\/","title":{"rendered":"Ukraina"},"content":{"rendered":"<p style=\"background: white;\"><span style=\"color: black;\"><img loading=\"lazy\" class=\"alignright wp-image-1930 size-medium\" src=\"https:\/\/www.kontrowersjewpediatrii.pl\/2022\/wp-content\/uploads\/2022\/03\/ukraine-gbb3904a49_1920-300x225.png\" alt=\"\" width=\"300\" height=\"225\" srcset=\"https:\/\/www.kontrowersjewpediatrii.pl\/2022\/wp-content\/uploads\/2022\/03\/ukraine-gbb3904a49_1920-300x225.png 300w, https:\/\/www.kontrowersjewpediatrii.pl\/2022\/wp-content\/uploads\/2022\/03\/ukraine-gbb3904a49_1920-1024x768.png 1024w, https:\/\/www.kontrowersjewpediatrii.pl\/2022\/wp-content\/uploads\/2022\/03\/ukraine-gbb3904a49_1920-768x576.png 768w, https:\/\/www.kontrowersjewpediatrii.pl\/2022\/wp-content\/uploads\/2022\/03\/ukraine-gbb3904a49_1920-1536x1152.png 1536w, https:\/\/www.kontrowersjewpediatrii.pl\/2022\/wp-content\/uploads\/2022\/03\/ukraine-gbb3904a49_1920-600x450.png 600w, https:\/\/www.kontrowersjewpediatrii.pl\/2022\/wp-content\/uploads\/2022\/03\/ukraine-gbb3904a49_1920.png 1920w\" sizes=\"(max-width: 300px) 100vw, 300px\" \/>Szanowni Pa\u0144stwo,<\/span><\/p>\n<p>Uniwersytet Jagiello\u0144ski &#8211; Collegium Medicum uruchomi\u0142 konta, na kt\u00f3re mo\u017cna dokonywa\u0107 wp\u0142at na rzecz pomocy obywatelom Ukrainy, kt\u00f3rzy przybyli na terytorium Rzeczypospolitej Polskiej w zwi\u0105zku z dzia\u0142aniami wojennymi prowadzonymi na terytorium tego pa\u0144stwa, a kt\u00f3rzy zostali zakwaterowani w Domu Studenckim D przy ul. Rac\u0142awickiej 9a w Krakowie.<\/p>\n<p><strong><span style=\"font-family: 'Calibri',sans-serif;\">DANE DO WP\u0141AT:<\/span><\/strong><\/p>\n<p>Dane odbiorcy:<br \/>\nnazwa: Uniwersytet Jagiello\u0144ski &#8211; Collegium Medicum<br \/>\nadres: ul. \u015bw. Anny 12, 31-008 Krak\u00f3w<br \/>\ntytu\u0142 przelewu: Pomoc Ukrainie<\/p>\n<p>Numery kont bankowych dla przelew\u00f3w krajowych<\/p>\n<p>65 1240 2294 1111 0010 4289 5843\u00a0&#8211; dla wp\u0142at w PLN<br \/>\n31 1240 2294 1978 0010 0755 5193\u00a0&#8211; dla wp\u0142at w EUR<br \/>\n71 1240 2294 1787 0000 3723 2089\u00a0&#8211; dla wp\u0142at w USD<\/p>\n<p><strong><span style=\"font-family: 'Calibri',sans-serif;\">DODATKOWE DANE DO WP\u0141AT Z ZAGRANICY<\/span><\/strong><\/p>\n<p>Dane banku odbiorcy<br \/>\nNazwa: BANK PEKAO SA<br \/>\nadres: ul. Grzybowska 53-57, 00-950 Warszawa<br \/>\nkod SWIFT: PKOPPLPW<\/p>\n<p>Numery kont bankowych w formacie IBAN<\/p>\n<p>PL 65 1240 2294 1111 0010 4289 5843\u00a0&#8211; dla wp\u0142at w PLN<br \/>\nPL 31 1240 2294 1978 0010 0755 5193\u00a0&#8211; dla wp\u0142at w EUR<br \/>\nPL 71 1240 2294 1787 0000 3723 2089\u00a0&#8211; dla wp\u0142at w USD<\/p>\n<p>Uzyskane fundusze zostan\u0105 wykorzystane na bie\u017c\u0105c\u0105 pomoc uchod\u017acom zakwaterowanym w domu studenckim na ul. Rac\u0142awickiej, w szczeg\u00f3lno\u015bci na zakup lek\u00f3w, \u015brodk\u00f3w opatrunkowych, \u015brodk\u00f3w higieny, artyku\u0142\u00f3w spo\u017cywczych czy ubra\u0144 dla niemowl\u0105t oraz dzieci i in.<\/p>\n<p>W przypadku zebrania \u015brodk\u00f3w przewy\u017cszaj\u0105cych potrzeby obecnych mieszka\u0144c\u00f3w DS, b\u0119d\u0105 one przekazywane na zakup lek\u00f3w, \u015brodk\u00f3w opatrunkowych, apteczek i in. dla os\u00f3b pozosta\u0142ych i walcz\u0105cych w Ukrainie.<br \/>\nSzczeg\u00f3\u0142owe informacje nt. pomocy udzielanej Ukrainie mo\u017cna uzyska\u0107 pod adresem: <a href=\"https:\/\/cm-uj.krakow.pl\/cm\/ukraina\/\" target=\"_blank\" rel=\"noopener\">https:\/\/cm-uj.krakow.pl\/cm\/ukraina\/<\/a><\/p>\n<p><strong>Firma Medvisa, b\u0119d\u0105ca organizatorem Konferencji <em>Kontrowersje w pediatrii, <\/em>wesprze zbi\u00f3rk\u0119 przekazuj\u0105c na utworzone konto cz\u0119\u015b\u0107 dochodu uzyskanego z organizacji Konferencji.<\/strong><\/p>\n<p><img loading=\"lazy\" class=\"aligncenter wp-image-1933 size-large\" src=\"https:\/\/www.kontrowersjewpediatrii.pl\/2022\/wp-content\/uploads\/2022\/03\/solidarni-z-ukraina-e1647014791514-1024x474.png\" alt=\"\" width=\"1024\" height=\"474\" srcset=\"https:\/\/www.kontrowersjewpediatrii.pl\/2022\/wp-content\/uploads\/2022\/03\/solidarni-z-ukraina-e1647014791514-1024x474.png 1024w, https:\/\/www.kontrowersjewpediatrii.pl\/2022\/wp-content\/uploads\/2022\/03\/solidarni-z-ukraina-e1647014791514-300x139.png 300w, https:\/\/www.kontrowersjewpediatrii.pl\/2022\/wp-content\/uploads\/2022\/03\/solidarni-z-ukraina-e1647014791514-768x355.png 768w, https:\/\/www.kontrowersjewpediatrii.pl\/2022\/wp-content\/uploads\/2022\/03\/solidarni-z-ukraina-e1647014791514-1536x710.png 1536w, https:\/\/www.kontrowersjewpediatrii.pl\/2022\/wp-content\/uploads\/2022\/03\/solidarni-z-ukraina-e1647014791514-600x278.png 600w, https:\/\/www.kontrowersjewpediatrii.pl\/2022\/wp-content\/uploads\/2022\/03\/solidarni-z-ukraina-e1647014791514.png 1920w\" sizes=\"(max-width: 1024px) 100vw, 1024px\" \/><\/p>\n","protected":false},"excerpt":{"rendered":"<p>Szanowni Pa\u0144stwo, Uniwersytet Jagiello\u0144ski &#8211; Collegium Medicum uruchomi\u0142 konta, na kt\u00f3re mo\u017cna dokonywa\u0107 wp\u0142at na rzecz pomocy obywatelom Ukrainy, kt\u00f3rzy przybyli na terytorium Rzeczypospolitej Polskiej w zwi\u0105zku z dzia\u0142aniami wojennymi prowadzonymi na terytorium tego pa\u0144stwa, a kt\u00f3rzy zostali zakwaterowani w Domu Studenckim D przy ul. Rac\u0142awickiej 9a w Krakowie. DANE DO WP\u0141AT: Dane odbiorcy: nazwa: [&hellip;]<\/p>\n","protected":false},"author":1,"featured_media":0,"parent":0,"menu_order":0,"comment_status":"closed","ping_status":"closed","template":"template_page.php","meta":[],"acf":[],"yoast_head":"<!-- This site is optimized with the Yoast SEO plugin v17.8 - https:\/\/yoast.com\/wordpress\/plugins\/seo\/ -->\n<meta name=\"description\" content=\"Najnowsze doniesienia naukowe i kontrowersyjne tematy - to wszystko podczas konferencji dla pediatr\u00f3w i specjalist\u00f3w medycyny rodzinnej w Krakowie\" \/>\n<meta name=\"robots\" content=\"index, follow, max-snippet:-1, max-image-preview:large, max-video-preview:-1\" \/>\n<link rel=\"canonical\" href=\"https:\/\/www.kontrowersjewpediatrii.pl\/2022\/pomoc-ukrainie\/\" \/>\n<meta property=\"og:locale\" content=\"pl_PL\" \/>\n<meta property=\"og:type\" content=\"article\" \/>\n<meta property=\"og:title\" content=\"Ukraina | Kontrowersje w pediatrii\" \/>\n<meta property=\"og:description\" content=\"Najnowsze doniesienia naukowe i kontrowersyjne tematy - to wszystko podczas konferencji dla pediatr\u00f3w i specjalist\u00f3w medycyny rodzinnej w Krakowie\" \/>\n<meta property=\"og:url\" content=\"https:\/\/www.kontrowersjewpediatrii.pl\/2022\/pomoc-ukrainie\/\" \/>\n<meta property=\"og:site_name\" content=\"Kontrowersje w pediatrii\" \/>\n<meta property=\"article:modified_time\" content=\"2022-03-16T13:14:35+00:00\" \/>\n<meta property=\"og:image\" content=\"https:\/\/www.kontrowersjewpediatrii.pl\/2022\/wp-content\/uploads\/2022\/03\/ukraine-gbb3904a49_1920-300x225.png\" \/>\n<meta name=\"twitter:card\" content=\"summary_large_image\" \/>\n<meta name=\"twitter:label1\" content=\"Szacowany czas czytania\" \/>\n\t<meta name=\"twitter:data1\" content=\"2 minuty\" \/>\n<script type=\"application\/ld+json\" class=\"yoast-schema-graph\">{\"@context\":\"https:\/\/schema.org\",\"@graph\":[{\"@type\":\"Organization\",\"@id\":\"https:\/\/www.kontrowersjewpediatrii.pl\/2022\/#organization\",\"name\":\"Kontrowersje w Pediatrii\",\"url\":\"https:\/\/www.kontrowersjewpediatrii.pl\/2022\/\",\"sameAs\":[],\"logo\":{\"@type\":\"ImageObject\",\"@id\":\"https:\/\/www.kontrowersjewpediatrii.pl\/2022\/#logo\",\"inLanguage\":\"pl-PL\",\"url\":\"https:\/\/www.kontrowersjewpediatrii.pl\/wp-content\/uploads\/2019\/09\/logo.jpg\",\"contentUrl\":\"https:\/\/www.kontrowersjewpediatrii.pl\/wp-content\/uploads\/2019\/09\/logo.jpg\",\"width\":512,\"height\":512,\"caption\":\"Kontrowersje w Pediatrii\"},\"image\":{\"@id\":\"https:\/\/www.kontrowersjewpediatrii.pl\/2022\/#logo\"}},{\"@type\":\"WebSite\",\"@id\":\"https:\/\/www.kontrowersjewpediatrii.pl\/2022\/#website\",\"url\":\"https:\/\/www.kontrowersjewpediatrii.pl\/2022\/\",\"name\":\"Kontrowersje w pediatrii\",\"description\":\"XV Konferencja dla Pediatr\\u00f3w\",\"publisher\":{\"@id\":\"https:\/\/www.kontrowersjewpediatrii.pl\/2022\/#organization\"},\"potentialAction\":[{\"@type\":\"SearchAction\",\"target\":{\"@type\":\"EntryPoint\",\"urlTemplate\":\"https:\/\/www.kontrowersjewpediatrii.pl\/2022\/?s={search_term_string}\"},\"query-input\":\"required name=search_term_string\"}],\"inLanguage\":\"pl-PL\"},{\"@type\":\"ImageObject\",\"@id\":\"https:\/\/www.kontrowersjewpediatrii.pl\/2022\/pomoc-ukrainie\/#primaryimage\",\"inLanguage\":\"pl-PL\",\"url\":\"https:\/\/www.kontrowersjewpediatrii.pl\/2022\/wp-content\/uploads\/2022\/03\/ukraine-gbb3904a49_1920.png\",\"contentUrl\":\"https:\/\/www.kontrowersjewpediatrii.pl\/2022\/wp-content\/uploads\/2022\/03\/ukraine-gbb3904a49_1920.png\",\"width\":1920,\"height\":1440},{\"@type\":\"WebPage\",\"@id\":\"https:\/\/www.kontrowersjewpediatrii.pl\/2022\/pomoc-ukrainie\/#webpage\",\"url\":\"https:\/\/www.kontrowersjewpediatrii.pl\/2022\/pomoc-ukrainie\/\",\"name\":\"Ukraina | Kontrowersje w pediatrii\",\"isPartOf\":{\"@id\":\"https:\/\/www.kontrowersjewpediatrii.pl\/2022\/#website\"},\"primaryImageOfPage\":{\"@id\":\"https:\/\/www.kontrowersjewpediatrii.pl\/2022\/pomoc-ukrainie\/#primaryimage\"},\"datePublished\":\"2022-03-11T14:59:35+00:00\",\"dateModified\":\"2022-03-16T13:14:35+00:00\",\"description\":\"Najnowsze doniesienia naukowe i kontrowersyjne tematy - to wszystko podczas konferencji dla pediatr\\u00f3w i specjalist\\u00f3w medycyny rodzinnej w Krakowie\",\"breadcrumb\":{\"@id\":\"https:\/\/www.kontrowersjewpediatrii.pl\/2022\/pomoc-ukrainie\/#breadcrumb\"},\"inLanguage\":\"pl-PL\",\"potentialAction\":[{\"@type\":\"ReadAction\",\"target\":[\"https:\/\/www.kontrowersjewpediatrii.pl\/2022\/pomoc-ukrainie\/\"]}]},{\"@type\":\"BreadcrumbList\",\"@id\":\"https:\/\/www.kontrowersjewpediatrii.pl\/2022\/pomoc-ukrainie\/#breadcrumb\",\"itemListElement\":[{\"@type\":\"ListItem\",\"position\":1,\"name\":\"Strona g\\u0142\\u00f3wna\",\"item\":\"https:\/\/www.kontrowersjewpediatrii.pl\/2022\/\"},{\"@type\":\"ListItem\",\"position\":2,\"name\":\"Ukraina\"}]}]}<\/script>\n<!-- \/ Yoast SEO plugin. -->","yoast_head_json":{"description":"Najnowsze doniesienia naukowe i kontrowersyjne tematy - to wszystko podczas konferencji dla pediatr\u00f3w i specjalist\u00f3w medycyny rodzinnej w Krakowie","robots":{"index":"index","follow":"follow","max-snippet":"max-snippet:-1","max-image-preview":"max-image-preview:large","max-video-preview":"max-video-preview:-1"},"canonical":"https:\/\/www.kontrowersjewpediatrii.pl\/2022\/pomoc-ukrainie\/","og_locale":"pl_PL","og_type":"article","og_title":"Ukraina | Kontrowersje w pediatrii","og_description":"Najnowsze doniesienia naukowe i kontrowersyjne tematy - to wszystko podczas konferencji dla pediatr\u00f3w i specjalist\u00f3w medycyny rodzinnej w Krakowie","og_url":"https:\/\/www.kontrowersjewpediatrii.pl\/2022\/pomoc-ukrainie\/","og_site_name":"Kontrowersje w pediatrii","article_modified_time":"2022-03-16T13:14:35+00:00","og_image":[{"url":"https:\/\/www.kontrowersjewpediatrii.pl\/2022\/wp-content\/uploads\/2022\/03\/ukraine-gbb3904a49_1920-300x225.png"}],"twitter_card":"summary_large_image","twitter_misc":{"Szacowany czas czytania":"2 minuty"},"schema":{"@context":"https:\/\/schema.org","@graph":[{"@type":"Organization","@id":"https:\/\/www.kontrowersjewpediatrii.pl\/2022\/#organization","name":"Kontrowersje w Pediatrii","url":"https:\/\/www.kontrowersjewpediatrii.pl\/2022\/","sameAs":[],"logo":{"@type":"ImageObject","@id":"https:\/\/www.kontrowersjewpediatrii.pl\/2022\/#logo","inLanguage":"pl-PL","url":"https:\/\/www.kontrowersjewpediatrii.pl\/wp-content\/uploads\/2019\/09\/logo.jpg","contentUrl":"https:\/\/www.kontrowersjewpediatrii.pl\/wp-content\/uploads\/2019\/09\/logo.jpg","width":512,"height":512,"caption":"Kontrowersje w Pediatrii"},"image":{"@id":"https:\/\/www.kontrowersjewpediatrii.pl\/2022\/#logo"}},{"@type":"WebSite","@id":"https:\/\/www.kontrowersjewpediatrii.pl\/2022\/#website","url":"https:\/\/www.kontrowersjewpediatrii.pl\/2022\/","name":"Kontrowersje w pediatrii","description":"XV Konferencja dla Pediatr\u00f3w","publisher":{"@id":"https:\/\/www.kontrowersjewpediatrii.pl\/2022\/#organization"},"potentialAction":[{"@type":"SearchAction","target":{"@type":"EntryPoint","urlTemplate":"https:\/\/www.kontrowersjewpediatrii.pl\/2022\/?s={search_term_string}"},"query-input":"required name=search_term_string"}],"inLanguage":"pl-PL"},{"@type":"ImageObject","@id":"https:\/\/www.kontrowersjewpediatrii.pl\/2022\/pomoc-ukrainie\/#primaryimage","inLanguage":"pl-PL","url":"https:\/\/www.kontrowersjewpediatrii.pl\/2022\/wp-content\/uploads\/2022\/03\/ukraine-gbb3904a49_1920.png","contentUrl":"https:\/\/www.kontrowersjewpediatrii.pl\/2022\/wp-content\/uploads\/2022\/03\/ukraine-gbb3904a49_1920.png","width":1920,"height":1440},{"@type":"WebPage","@id":"https:\/\/www.kontrowersjewpediatrii.pl\/2022\/pomoc-ukrainie\/#webpage","url":"https:\/\/www.kontrowersjewpediatrii.pl\/2022\/pomoc-ukrainie\/","name":"Ukraina | Kontrowersje w pediatrii","isPartOf":{"@id":"https:\/\/www.kontrowersjewpediatrii.pl\/2022\/#website"},"primaryImageOfPage":{"@id":"https:\/\/www.kontrowersjewpediatrii.pl\/2022\/pomoc-ukrainie\/#primaryimage"},"datePublished":"2022-03-11T14:59:35+00:00","dateModified":"2022-03-16T13:14:35+00:00","description":"Najnowsze doniesienia naukowe i kontrowersyjne tematy - to wszystko podczas konferencji dla pediatr\u00f3w i specjalist\u00f3w medycyny rodzinnej w Krakowie","breadcrumb":{"@id":"https:\/\/www.kontrowersjewpediatrii.pl\/2022\/pomoc-ukrainie\/#breadcrumb"},"inLanguage":"pl-PL","potentialAction":[{"@type":"ReadAction","target":["https:\/\/www.kontrowersjewpediatrii.pl\/2022\/pomoc-ukrainie\/"]}]},{"@type":"BreadcrumbList","@id":"https:\/\/www.kontrowersjewpediatrii.pl\/2022\/pomoc-ukrainie\/#breadcrumb","itemListElement":[{"@type":"ListItem","position":1,"name":"Strona g\u0142\u00f3wna","item":"https:\/\/www.kontrowersjewpediatrii.pl\/2022\/"},{"@type":"ListItem","position":2,"name":"Ukraina"}]}]}},"_links":{"self":[{"href":"https:\/\/www.kontrowersjewpediatrii.pl\/2022\/wp-json\/wp\/v2\/pages\/1925"}],"collection":[{"href":"https:\/\/www.kontrowersjewpediatrii.pl\/2022\/wp-json\/wp\/v2\/pages"}],"about":[{"href":"https:\/\/www.kontrowersjewpediatrii.pl\/2022\/wp-json\/wp\/v2\/types\/page"}],"author":[{"embeddable":true,"href":"https:\/\/www.kontrowersjewpediatrii.pl\/2022\/wp-json\/wp\/v2\/users\/1"}],"replies":[{"embeddable":true,"href":"https:\/\/www.kontrowersjewpediatrii.pl\/2022\/wp-json\/wp\/v2\/comments?post=1925"}],"version-history":[{"count":10,"href":"https:\/\/www.kontrowersjewpediatrii.pl\/2022\/wp-json\/wp\/v2\/pages\/1925\/revisions"}],"predecessor-version":[{"id":1955,"href":"https:\/\/www.kontrowersjewpediatrii.pl\/2022\/wp-json\/wp\/v2\/pages\/1925\/revisions\/1955"}],"wp:attachment":[{"href":"https:\/\/www.kontrowersjewpediatrii.pl\/2022\/wp-json\/wp\/v2\/media?parent=1925"}],"curies":[{"name":"wp","href":"https:\/\/api.w.org\/{rel}","templated":true}]}}