{"id":138,"date":"2018-12-05T16:12:36","date_gmt":"2018-12-05T15:12:36","guid":{"rendered":"https:\/\/www.kontrowersjewpediatrii.pl\/2023\/?page_id=138"},"modified":"2023-02-01T11:34:47","modified_gmt":"2023-02-01T10:34:47","slug":"wieczor-kulturalny","status":"publish","type":"page","link":"https:\/\/www.kontrowersjewpediatrii.pl\/2023\/wieczor-kulturalny\/","title":{"rendered":"Kwartet Proforma z repertuarem kanadyjskiego barda Leonarda Cohena"},"content":{"rendered":"\r\n<p>W pi\u0105tek 24 lutego 2023 r. o 18:00 wszystkich Uczestnik\u00f3w Konferencji zapraszamy na Wiecz\u00f3r Kulturalny, podczas kt\u00f3rego wyst\u0105pi niepowtarzalny pi\u0119cioosobowy <strong>Kwartet ProForma<\/strong>.<\/p>\r\n<p>&nbsp;<\/p>\r\n<p><img decoding=\"async\" loading=\"lazy\" class=\"aligncenter wp-image-2615\" src=\"https:\/\/www.kontrowersjewpediatrii.pl\/2023\/wp-content\/uploads\/2023\/01\/1492-Kolorowe-big-scaled.jpg\" alt=\"Wiecz\u00f3r kulturalny_artysta\" width=\"502\" height=\"375\" srcset=\"https:\/\/www.kontrowersjewpediatrii.pl\/2023\/wp-content\/uploads\/2023\/01\/1492-Kolorowe-big-scaled.jpg 2560w, https:\/\/www.kontrowersjewpediatrii.pl\/2023\/wp-content\/uploads\/2023\/01\/1492-Kolorowe-big-300x224.jpg 300w, https:\/\/www.kontrowersjewpediatrii.pl\/2023\/wp-content\/uploads\/2023\/01\/1492-Kolorowe-big-1024x764.jpg 1024w, https:\/\/www.kontrowersjewpediatrii.pl\/2023\/wp-content\/uploads\/2023\/01\/1492-Kolorowe-big-768x573.jpg 768w, https:\/\/www.kontrowersjewpediatrii.pl\/2023\/wp-content\/uploads\/2023\/01\/1492-Kolorowe-big-1536x1147.jpg 1536w, https:\/\/www.kontrowersjewpediatrii.pl\/2023\/wp-content\/uploads\/2023\/01\/1492-Kolorowe-big-2048x1529.jpg 2048w, https:\/\/www.kontrowersjewpediatrii.pl\/2023\/wp-content\/uploads\/2023\/01\/1492-Kolorowe-big-600x448.jpg 600w\" sizes=\"(max-width: 502px) 100vw, 502px\" \/>Jedyny <a href=\"http:\/\/www.kwartetproforma.com\/\">pi\u0119cioosobowy kwartet<\/a> w Polsce, a mo\u017ce i na \u015bwiecie, wyst\u0105pi z repertuarem albumu &#8220;Leonard Cohen. Wiemy, Kim Jest&#8221;! P\u0142yta zosta\u0142a wydana w listopadzie 2021 roku i sta\u0142a si\u0119 jedn\u0105 z najbardziej udanych w historii zespo\u0142u.<\/p>\r\n<p style=\"text-align: left;\">Kr\u0105\u017cek zawiera utwory z <strong>repertuaru kanadyjskiego barda Leonarda Cohena<\/strong>, przet\u0142umaczone przez Daniela Wyszogrodzkiego, a ca\u0142o\u015b\u0107 okraszona zosta\u0142a nowymi, autorskimi aran\u017cacjami nawi\u0105zuj\u0105cymi do orygina\u0142u. Dzi\u0119ki kampanii crowdfundingowej i wsparciu fan\u00f3w, muzycy, niezwi\u0105zani \u015bcis\u0142\u0105 lini\u0105 czasow\u0105 byli w stanie dopracowa\u0107 ka\u017cd\u0105 nut\u0119 i stworzy\u0107 naprawd\u0119 wyj\u0105tkowy album co znajduje odzwierciedlenie podczas koncert\u00f3w.<\/p>\r\n<p style=\"text-align: center;\">Zapraszamy serdecznie!<\/p>\r\n\r\n\r\n\r\n<p style=\"text-align: center;\">\u00a0<\/p>\r\n\r\n\r\n\r\n<p>&nbsp;<\/p>\r\n<p>&nbsp;<\/p>\r\n<p>&nbsp;<\/p>\r\n<p class=\"has-text-color has-background has-small-font-size has-vivid-red-color has-very-light-gray-background-color\"><em>Wiecz\u00f3r kulturalny finansowany jest z \u015brodk\u00f3w w\u0142asnych organizatora.<\/em><br \/><em>Spotkanie niefinansowane z \u015brodk\u00f3w firm innowacyjnych zrzeszonych w INFARMIE<\/em><\/p>\r\n\r\n\r\n\r\n<p><!--nextpage--><\/p>\r\n\r\n\r\n\r\n<p style=\"text-align: center;\"><a href=\"https:\/\/www.kontrowersjewpediatrii.pl\/2023\">https:\/\/www.kontrowersjewpediatrii.pl\/2023<\/a><\/p>\r\n","protected":false},"excerpt":{"rendered":"<p>W pi\u0105tek 24 lutego 2023 r. o 18:00 wszystkich Uczestnik\u00f3w Konferencji zapraszamy na Wiecz\u00f3r Kulturalny, podczas kt\u00f3rego wyst\u0105pi niepowtarzalny pi\u0119cioosobowy Kwartet ProForma. &nbsp; Jedyny pi\u0119cioosobowy kwartet w Polsce, a mo\u017ce i na \u015bwiecie, wyst\u0105pi z repertuarem albumu &#8220;Leonard Cohen. Wiemy, Kim Jest&#8221;! P\u0142yta zosta\u0142a wydana w listopadzie 2021 roku i sta\u0142a si\u0119 jedn\u0105 z najbardziej [&hellip;]<\/p>\n","protected":false},"author":1,"featured_media":0,"parent":0,"menu_order":0,"comment_status":"closed","ping_status":"closed","template":"template_page.php","meta":[],"acf":[],"yoast_head":"<!-- This site is optimized with the Yoast SEO plugin v19.4 - https:\/\/yoast.com\/wordpress\/plugins\/seo\/ -->\n<title>Wiecz\u00f3r kulturalny: wyst\u0119p Kwartetu ProForma<\/title>\n<meta name=\"description\" content=\"Poza dawk\u0105 wiedzy gwarantujemy Uczestnikom doznania artystyczne. Na zako\u0144czenie pierwszego dnia obrad zapraszamy na wiecz\u00f3r kulturalny.\" \/>\n<meta name=\"robots\" content=\"index, follow, max-snippet:-1, max-image-preview:large, max-video-preview:-1\" \/>\n<link rel=\"canonical\" href=\"https:\/\/www.kontrowersjewpediatrii.pl\/2023\/wieczor-kulturalny\/\" \/>\n<link rel=\"next\" href=\"https:\/\/www.kontrowersjewpediatrii.pl\/2023\/wieczor-kulturalny\/2\/\" \/>\n<meta property=\"og:locale\" content=\"pl_PL\" \/>\n<meta property=\"og:type\" content=\"article\" \/>\n<meta property=\"og:title\" content=\"Wiecz\u00f3r kulturalny: wyst\u0119p Kwartetu ProForma\" \/>\n<meta property=\"og:description\" content=\"Poza dawk\u0105 wiedzy gwarantujemy Uczestnikom doznania artystyczne. Na zako\u0144czenie pierwszego dnia obrad zapraszamy na wiecz\u00f3r kulturalny.\" \/>\n<meta property=\"og:url\" content=\"https:\/\/www.kontrowersjewpediatrii.pl\/2023\/wieczor-kulturalny\/\" \/>\n<meta property=\"og:site_name\" content=\"Kontrowersje w pediatrii\" \/>\n<meta property=\"article:modified_time\" content=\"2023-02-01T10:34:47+00:00\" \/>\n<meta property=\"og:image\" content=\"https:\/\/www.kontrowersjewpediatrii.pl\/2023\/wp-content\/uploads\/2023\/01\/1492-Kolorowe-big-scaled.jpg\" \/>\n<meta name=\"twitter:card\" content=\"summary_large_image\" \/>\n<meta name=\"twitter:label1\" content=\"Szacowany czas czytania\" \/>\n\t<meta name=\"twitter:data1\" content=\"1 minuta\" \/>\n<script type=\"application\/ld+json\" class=\"yoast-schema-graph\">{\"@context\":\"https:\/\/schema.org\",\"@graph\":[{\"@type\":\"Organization\",\"@id\":\"https:\/\/www.kontrowersjewpediatrii.pl\/2023\/#organization\",\"name\":\"Kontrowersje w Pediatrii\",\"url\":\"https:\/\/www.kontrowersjewpediatrii.pl\/2023\/\",\"sameAs\":[],\"logo\":{\"@type\":\"ImageObject\",\"inLanguage\":\"pl-PL\",\"@id\":\"https:\/\/www.kontrowersjewpediatrii.pl\/2023\/#\/schema\/logo\/image\/\",\"url\":\"https:\/\/www.kontrowersjewpediatrii.pl\/wp-content\/uploads\/2022\/11\/cropped-Projekt-bez-tytulu.png\",\"contentUrl\":\"https:\/\/www.kontrowersjewpediatrii.pl\/wp-content\/uploads\/2022\/11\/cropped-Projekt-bez-tytulu.png\",\"width\":512,\"height\":512,\"caption\":\"Kontrowersje w Pediatrii\"},\"image\":{\"@id\":\"https:\/\/www.kontrowersjewpediatrii.pl\/2023\/#\/schema\/logo\/image\/\"}},{\"@type\":\"WebSite\",\"@id\":\"https:\/\/www.kontrowersjewpediatrii.pl\/2023\/#website\",\"url\":\"https:\/\/www.kontrowersjewpediatrii.pl\/2023\/\",\"name\":\"Kontrowersje w pediatrii\",\"description\":\"XVI Konferencja dla Pediatr\u00f3w\",\"publisher\":{\"@id\":\"https:\/\/www.kontrowersjewpediatrii.pl\/2023\/#organization\"},\"potentialAction\":[{\"@type\":\"SearchAction\",\"target\":{\"@type\":\"EntryPoint\",\"urlTemplate\":\"https:\/\/www.kontrowersjewpediatrii.pl\/2023\/?s={search_term_string}\"},\"query-input\":\"required name=search_term_string\"}],\"inLanguage\":\"pl-PL\"},{\"@type\":\"WebPage\",\"@id\":\"https:\/\/www.kontrowersjewpediatrii.pl\/2023\/wieczor-kulturalny\/\",\"url\":\"https:\/\/www.kontrowersjewpediatrii.pl\/2023\/wieczor-kulturalny\/\",\"name\":\"Wiecz\u00f3r kulturalny: wyst\u0119p Kwartetu ProForma\",\"isPartOf\":{\"@id\":\"https:\/\/www.kontrowersjewpediatrii.pl\/2023\/#website\"},\"datePublished\":\"2018-12-05T15:12:36+00:00\",\"dateModified\":\"2023-02-01T10:34:47+00:00\",\"description\":\"Poza dawk\u0105 wiedzy gwarantujemy Uczestnikom doznania artystyczne. Na zako\u0144czenie pierwszego dnia obrad zapraszamy na wiecz\u00f3r kulturalny.\",\"breadcrumb\":{\"@id\":\"https:\/\/www.kontrowersjewpediatrii.pl\/2023\/wieczor-kulturalny\/#breadcrumb\"},\"inLanguage\":\"pl-PL\",\"potentialAction\":[{\"@type\":\"ReadAction\",\"target\":[\"https:\/\/www.kontrowersjewpediatrii.pl\/2023\/wieczor-kulturalny\/\"]}]},{\"@type\":\"BreadcrumbList\",\"@id\":\"https:\/\/www.kontrowersjewpediatrii.pl\/2023\/wieczor-kulturalny\/#breadcrumb\",\"itemListElement\":[{\"@type\":\"ListItem\",\"position\":1,\"name\":\"Strona g\u0142\u00f3wna\"}]}]}<\/script>\n<!-- \/ Yoast SEO plugin. -->","yoast_head_json":{"title":"Wiecz\u00f3r kulturalny: wyst\u0119p Kwartetu ProForma","description":"Poza dawk\u0105 wiedzy gwarantujemy Uczestnikom doznania artystyczne. Na zako\u0144czenie pierwszego dnia obrad zapraszamy na wiecz\u00f3r kulturalny.","robots":{"index":"index","follow":"follow","max-snippet":"max-snippet:-1","max-image-preview":"max-image-preview:large","max-video-preview":"max-video-preview:-1"},"canonical":"https:\/\/www.kontrowersjewpediatrii.pl\/2023\/wieczor-kulturalny\/","next":"https:\/\/www.kontrowersjewpediatrii.pl\/2023\/wieczor-kulturalny\/2\/","og_locale":"pl_PL","og_type":"article","og_title":"Wiecz\u00f3r kulturalny: wyst\u0119p Kwartetu ProForma","og_description":"Poza dawk\u0105 wiedzy gwarantujemy Uczestnikom doznania artystyczne. Na zako\u0144czenie pierwszego dnia obrad zapraszamy na wiecz\u00f3r kulturalny.","og_url":"https:\/\/www.kontrowersjewpediatrii.pl\/2023\/wieczor-kulturalny\/","og_site_name":"Kontrowersje w pediatrii","article_modified_time":"2023-02-01T10:34:47+00:00","og_image":[{"url":"https:\/\/www.kontrowersjewpediatrii.pl\/2023\/wp-content\/uploads\/2023\/01\/1492-Kolorowe-big-scaled.jpg"}],"twitter_card":"summary_large_image","twitter_misc":{"Szacowany czas czytania":"1 minuta"},"schema":{"@context":"https:\/\/schema.org","@graph":[{"@type":"Organization","@id":"https:\/\/www.kontrowersjewpediatrii.pl\/2023\/#organization","name":"Kontrowersje w Pediatrii","url":"https:\/\/www.kontrowersjewpediatrii.pl\/2023\/","sameAs":[],"logo":{"@type":"ImageObject","inLanguage":"pl-PL","@id":"https:\/\/www.kontrowersjewpediatrii.pl\/2023\/#\/schema\/logo\/image\/","url":"https:\/\/www.kontrowersjewpediatrii.pl\/wp-content\/uploads\/2022\/11\/cropped-Projekt-bez-tytulu.png","contentUrl":"https:\/\/www.kontrowersjewpediatrii.pl\/wp-content\/uploads\/2022\/11\/cropped-Projekt-bez-tytulu.png","width":512,"height":512,"caption":"Kontrowersje w Pediatrii"},"image":{"@id":"https:\/\/www.kontrowersjewpediatrii.pl\/2023\/#\/schema\/logo\/image\/"}},{"@type":"WebSite","@id":"https:\/\/www.kontrowersjewpediatrii.pl\/2023\/#website","url":"https:\/\/www.kontrowersjewpediatrii.pl\/2023\/","name":"Kontrowersje w pediatrii","description":"XVI Konferencja dla Pediatr\u00f3w","publisher":{"@id":"https:\/\/www.kontrowersjewpediatrii.pl\/2023\/#organization"},"potentialAction":[{"@type":"SearchAction","target":{"@type":"EntryPoint","urlTemplate":"https:\/\/www.kontrowersjewpediatrii.pl\/2023\/?s={search_term_string}"},"query-input":"required name=search_term_string"}],"inLanguage":"pl-PL"},{"@type":"WebPage","@id":"https:\/\/www.kontrowersjewpediatrii.pl\/2023\/wieczor-kulturalny\/","url":"https:\/\/www.kontrowersjewpediatrii.pl\/2023\/wieczor-kulturalny\/","name":"Wiecz\u00f3r kulturalny: wyst\u0119p Kwartetu ProForma","isPartOf":{"@id":"https:\/\/www.kontrowersjewpediatrii.pl\/2023\/#website"},"datePublished":"2018-12-05T15:12:36+00:00","dateModified":"2023-02-01T10:34:47+00:00","description":"Poza dawk\u0105 wiedzy gwarantujemy Uczestnikom doznania artystyczne. Na zako\u0144czenie pierwszego dnia obrad zapraszamy na wiecz\u00f3r kulturalny.","breadcrumb":{"@id":"https:\/\/www.kontrowersjewpediatrii.pl\/2023\/wieczor-kulturalny\/#breadcrumb"},"inLanguage":"pl-PL","potentialAction":[{"@type":"ReadAction","target":["https:\/\/www.kontrowersjewpediatrii.pl\/2023\/wieczor-kulturalny\/"]}]},{"@type":"BreadcrumbList","@id":"https:\/\/www.kontrowersjewpediatrii.pl\/2023\/wieczor-kulturalny\/#breadcrumb","itemListElement":[{"@type":"ListItem","position":1,"name":"Strona g\u0142\u00f3wna"}]}]}},"_links":{"self":[{"href":"https:\/\/www.kontrowersjewpediatrii.pl\/2023\/wp-json\/wp\/v2\/pages\/138"}],"collection":[{"href":"https:\/\/www.kontrowersjewpediatrii.pl\/2023\/wp-json\/wp\/v2\/pages"}],"about":[{"href":"https:\/\/www.kontrowersjewpediatrii.pl\/2023\/wp-json\/wp\/v2\/types\/page"}],"author":[{"embeddable":true,"href":"https:\/\/www.kontrowersjewpediatrii.pl\/2023\/wp-json\/wp\/v2\/users\/1"}],"replies":[{"embeddable":true,"href":"https:\/\/www.kontrowersjewpediatrii.pl\/2023\/wp-json\/wp\/v2\/comments?post=138"}],"version-history":[{"count":53,"href":"https:\/\/www.kontrowersjewpediatrii.pl\/2023\/wp-json\/wp\/v2\/pages\/138\/revisions"}],"predecessor-version":[{"id":2750,"href":"https:\/\/www.kontrowersjewpediatrii.pl\/2023\/wp-json\/wp\/v2\/pages\/138\/revisions\/2750"}],"wp:attachment":[{"href":"https:\/\/www.kontrowersjewpediatrii.pl\/2023\/wp-json\/wp\/v2\/media?parent=138"}],"curies":[{"name":"wp","href":"https:\/\/api.w.org\/{rel}","templated":true}]}}