{"id":1532,"date":"2023-01-01T13:21:04","date_gmt":"2023-01-01T12:21:04","guid":{"rendered":"https:\/\/www.kontrowersjewpediatrii.pl\/2023\/?page_id=1532"},"modified":"2023-01-05T08:58:25","modified_gmt":"2023-01-05T07:58:25","slug":"miejsce","status":"publish","type":"page","link":"https:\/\/www.kontrowersjewpediatrii.pl\/2023\/miejsce\/","title":{"rendered":"Miejsce spotkania"},"content":{"rendered":"<p><img decoding=\"async\" loading=\"lazy\" class=\"alignleft wp-image-89 size-medium\" src=\"https:\/\/www.kontrowersjewpediatrii.pl\/2023\/wp-content\/uploads\/2018\/11\/maximum_duze450-300x200.jpg\" alt=\"konferencja pediatryczna krak\u00f3w\" width=\"300\" height=\"200\" srcset=\"https:\/\/www.kontrowersjewpediatrii.pl\/2023\/wp-content\/uploads\/2018\/11\/maximum_duze450-300x200.jpg 300w, https:\/\/www.kontrowersjewpediatrii.pl\/2023\/wp-content\/uploads\/2018\/11\/maximum_duze450.jpg 450w\" sizes=\"(max-width: 300px) 100vw, 300px\" \/>\u00a0<img decoding=\"async\" loading=\"lazy\" class=\"alignleft wp-image-92 size-medium\" src=\"https:\/\/www.kontrowersjewpediatrii.pl\/2023\/wp-content\/uploads\/2018\/11\/Aula-300x199.png\" alt=\"miejsce konferencji pediatrycznej krak\u00f3w\" width=\"300\" height=\"199\" srcset=\"https:\/\/www.kontrowersjewpediatrii.pl\/2023\/wp-content\/uploads\/2018\/11\/Aula-300x199.png 300w, https:\/\/www.kontrowersjewpediatrii.pl\/2023\/wp-content\/uploads\/2018\/11\/Aula-600x397.png 600w, https:\/\/www.kontrowersjewpediatrii.pl\/2023\/wp-content\/uploads\/2018\/11\/Aula-768x509.png 768w, https:\/\/www.kontrowersjewpediatrii.pl\/2023\/wp-content\/uploads\/2018\/11\/Aula.png 930w\" sizes=\"(max-width: 300px) 100vw, 300px\" \/><\/p>\n<p>&nbsp;<\/p>\n<p>&nbsp;<\/p>\n<p>&nbsp;<\/p>\n<p>&nbsp;<\/p>\n<p>&nbsp;<\/p>\n<p><strong>Auditorium Maximum Uniwersytetu Jagiello\u0144skiego<\/strong><\/p>\n<p><strong>ul. Krupnicza 33,\u00a0 31-123 Krak\u00f3w,\u00a0\u00a0<span style=\"color: #0000ff;\"><em><a style=\"color: #0000ff;\" href=\"http:\/\/maximum.wkraj.pl\/\" target=\"_blank\" rel=\"noopener\">Zobacz obiekt<\/a>\u00a0<\/em><\/span><\/strong><\/p>\n<p><iframe loading=\"lazy\" style=\"border: 0;\" src=\"https:\/\/www.google.com\/maps\/embed?pb=!1m18!1m12!1m3!1d2561.2591791121763!2d19.923043115891872!3d50.06270762310797!2m3!1f0!2f0!3f0!3m2!1i1024!2i768!4f13.1!3m3!1m2!1s0x47165b0a3ec4683d%3A0xd336849371579066!2sAuditorium+Maximum+Uniwersytetu+Jagiello%C5%84skiego!5e0!3m2!1spl!2spl!4v1542224000352\" width=\"100%\" height=\"450\" frameborder=\"0\" allowfullscreen=\"allowfullscreen\"><\/iframe><\/p>\n","protected":false},"excerpt":{"rendered":"<p>\u00a0 &nbsp; &nbsp; &nbsp; &nbsp; &nbsp; Auditorium Maximum Uniwersytetu Jagiello\u0144skiego ul. Krupnicza 33,\u00a0 31-123 Krak\u00f3w,\u00a0\u00a0Zobacz obiekt\u00a0<\/p>\n","protected":false},"author":1,"featured_media":0,"parent":0,"menu_order":0,"comment_status":"closed","ping_status":"closed","template":"template_page.php","meta":[],"acf":[],"yoast_head":"<!-- This site is optimized with the Yoast SEO plugin v19.4 - https:\/\/yoast.com\/wordpress\/plugins\/seo\/ -->\n<title>Konferencja pediatryczna Krak\u00f3w | Kontrowersje w pediatrii<\/title>\n<meta name=\"description\" content=\"Kontrowersje w pediatrii to konferencja pediatryczna od lat odbywaj\u0105ca si\u0119 w Krakowie. Zapraszamy do rezerwacji miejsc.\" \/>\n<meta name=\"robots\" content=\"index, follow, max-snippet:-1, max-image-preview:large, max-video-preview:-1\" \/>\n<link rel=\"canonical\" href=\"https:\/\/www.kontrowersjewpediatrii.pl\/2023\/miejsce\/\" \/>\n<meta property=\"og:locale\" content=\"pl_PL\" \/>\n<meta property=\"og:type\" content=\"article\" \/>\n<meta property=\"og:title\" content=\"Konferencja pediatryczna Krak\u00f3w | Kontrowersje w pediatrii\" \/>\n<meta property=\"og:description\" content=\"Kontrowersje w pediatrii to konferencja pediatryczna od lat odbywaj\u0105ca si\u0119 w Krakowie. Zapraszamy do rezerwacji miejsc.\" \/>\n<meta property=\"og:url\" content=\"https:\/\/www.kontrowersjewpediatrii.pl\/2023\/miejsce\/\" \/>\n<meta property=\"og:site_name\" content=\"Kontrowersje w pediatrii\" \/>\n<meta property=\"article:modified_time\" content=\"2023-01-05T07:58:25+00:00\" \/>\n<meta property=\"og:image\" content=\"https:\/\/www.kontrowersjewpediatrii.pl\/2023\/wp-content\/uploads\/2018\/11\/maximum_duze450-300x200.jpg\" \/>\n<meta name=\"twitter:card\" content=\"summary_large_image\" \/>\n<meta name=\"twitter:label1\" content=\"Szacowany czas czytania\" \/>\n\t<meta name=\"twitter:data1\" content=\"1 minuta\" \/>\n<script type=\"application\/ld+json\" class=\"yoast-schema-graph\">{\"@context\":\"https:\/\/schema.org\",\"@graph\":[{\"@type\":\"Organization\",\"@id\":\"https:\/\/www.kontrowersjewpediatrii.pl\/2023\/#organization\",\"name\":\"Kontrowersje w Pediatrii\",\"url\":\"https:\/\/www.kontrowersjewpediatrii.pl\/2023\/\",\"sameAs\":[],\"logo\":{\"@type\":\"ImageObject\",\"inLanguage\":\"pl-PL\",\"@id\":\"https:\/\/www.kontrowersjewpediatrii.pl\/2023\/#\/schema\/logo\/image\/\",\"url\":\"https:\/\/www.kontrowersjewpediatrii.pl\/wp-content\/uploads\/2022\/11\/cropped-Projekt-bez-tytulu.png\",\"contentUrl\":\"https:\/\/www.kontrowersjewpediatrii.pl\/wp-content\/uploads\/2022\/11\/cropped-Projekt-bez-tytulu.png\",\"width\":512,\"height\":512,\"caption\":\"Kontrowersje w Pediatrii\"},\"image\":{\"@id\":\"https:\/\/www.kontrowersjewpediatrii.pl\/2023\/#\/schema\/logo\/image\/\"}},{\"@type\":\"WebSite\",\"@id\":\"https:\/\/www.kontrowersjewpediatrii.pl\/2023\/#website\",\"url\":\"https:\/\/www.kontrowersjewpediatrii.pl\/2023\/\",\"name\":\"Kontrowersje w pediatrii\",\"description\":\"XVI Konferencja dla Pediatr\u00f3w\",\"publisher\":{\"@id\":\"https:\/\/www.kontrowersjewpediatrii.pl\/2023\/#organization\"},\"potentialAction\":[{\"@type\":\"SearchAction\",\"target\":{\"@type\":\"EntryPoint\",\"urlTemplate\":\"https:\/\/www.kontrowersjewpediatrii.pl\/2023\/?s={search_term_string}\"},\"query-input\":\"required name=search_term_string\"}],\"inLanguage\":\"pl-PL\"},{\"@type\":\"WebPage\",\"@id\":\"https:\/\/www.kontrowersjewpediatrii.pl\/2023\/miejsce\/\",\"url\":\"https:\/\/www.kontrowersjewpediatrii.pl\/2023\/miejsce\/\",\"name\":\"Konferencja pediatryczna Krak\u00f3w | Kontrowersje w pediatrii\",\"isPartOf\":{\"@id\":\"https:\/\/www.kontrowersjewpediatrii.pl\/2023\/#website\"},\"datePublished\":\"2023-01-01T12:21:04+00:00\",\"dateModified\":\"2023-01-05T07:58:25+00:00\",\"description\":\"Kontrowersje w pediatrii to konferencja pediatryczna od lat odbywaj\u0105ca si\u0119 w Krakowie. Zapraszamy do rezerwacji miejsc.\",\"breadcrumb\":{\"@id\":\"https:\/\/www.kontrowersjewpediatrii.pl\/2023\/miejsce\/#breadcrumb\"},\"inLanguage\":\"pl-PL\",\"potentialAction\":[{\"@type\":\"ReadAction\",\"target\":[\"https:\/\/www.kontrowersjewpediatrii.pl\/2023\/miejsce\/\"]}]},{\"@type\":\"BreadcrumbList\",\"@id\":\"https:\/\/www.kontrowersjewpediatrii.pl\/2023\/miejsce\/#breadcrumb\",\"itemListElement\":[{\"@type\":\"ListItem\",\"position\":1,\"name\":\"Strona g\u0142\u00f3wna\",\"item\":\"https:\/\/www.kontrowersjewpediatrii.pl\/2023\/\"},{\"@type\":\"ListItem\",\"position\":2,\"name\":\"Miejsce spotkania\"}]}]}<\/script>\n<!-- \/ Yoast SEO plugin. -->","yoast_head_json":{"title":"Konferencja pediatryczna Krak\u00f3w | Kontrowersje w pediatrii","description":"Kontrowersje w pediatrii to konferencja pediatryczna od lat odbywaj\u0105ca si\u0119 w Krakowie. Zapraszamy do rezerwacji miejsc.","robots":{"index":"index","follow":"follow","max-snippet":"max-snippet:-1","max-image-preview":"max-image-preview:large","max-video-preview":"max-video-preview:-1"},"canonical":"https:\/\/www.kontrowersjewpediatrii.pl\/2023\/miejsce\/","og_locale":"pl_PL","og_type":"article","og_title":"Konferencja pediatryczna Krak\u00f3w | Kontrowersje w pediatrii","og_description":"Kontrowersje w pediatrii to konferencja pediatryczna od lat odbywaj\u0105ca si\u0119 w Krakowie. Zapraszamy do rezerwacji miejsc.","og_url":"https:\/\/www.kontrowersjewpediatrii.pl\/2023\/miejsce\/","og_site_name":"Kontrowersje w pediatrii","article_modified_time":"2023-01-05T07:58:25+00:00","og_image":[{"url":"https:\/\/www.kontrowersjewpediatrii.pl\/2023\/wp-content\/uploads\/2018\/11\/maximum_duze450-300x200.jpg"}],"twitter_card":"summary_large_image","twitter_misc":{"Szacowany czas czytania":"1 minuta"},"schema":{"@context":"https:\/\/schema.org","@graph":[{"@type":"Organization","@id":"https:\/\/www.kontrowersjewpediatrii.pl\/2023\/#organization","name":"Kontrowersje w Pediatrii","url":"https:\/\/www.kontrowersjewpediatrii.pl\/2023\/","sameAs":[],"logo":{"@type":"ImageObject","inLanguage":"pl-PL","@id":"https:\/\/www.kontrowersjewpediatrii.pl\/2023\/#\/schema\/logo\/image\/","url":"https:\/\/www.kontrowersjewpediatrii.pl\/wp-content\/uploads\/2022\/11\/cropped-Projekt-bez-tytulu.png","contentUrl":"https:\/\/www.kontrowersjewpediatrii.pl\/wp-content\/uploads\/2022\/11\/cropped-Projekt-bez-tytulu.png","width":512,"height":512,"caption":"Kontrowersje w Pediatrii"},"image":{"@id":"https:\/\/www.kontrowersjewpediatrii.pl\/2023\/#\/schema\/logo\/image\/"}},{"@type":"WebSite","@id":"https:\/\/www.kontrowersjewpediatrii.pl\/2023\/#website","url":"https:\/\/www.kontrowersjewpediatrii.pl\/2023\/","name":"Kontrowersje w pediatrii","description":"XVI Konferencja dla Pediatr\u00f3w","publisher":{"@id":"https:\/\/www.kontrowersjewpediatrii.pl\/2023\/#organization"},"potentialAction":[{"@type":"SearchAction","target":{"@type":"EntryPoint","urlTemplate":"https:\/\/www.kontrowersjewpediatrii.pl\/2023\/?s={search_term_string}"},"query-input":"required name=search_term_string"}],"inLanguage":"pl-PL"},{"@type":"WebPage","@id":"https:\/\/www.kontrowersjewpediatrii.pl\/2023\/miejsce\/","url":"https:\/\/www.kontrowersjewpediatrii.pl\/2023\/miejsce\/","name":"Konferencja pediatryczna Krak\u00f3w | Kontrowersje w pediatrii","isPartOf":{"@id":"https:\/\/www.kontrowersjewpediatrii.pl\/2023\/#website"},"datePublished":"2023-01-01T12:21:04+00:00","dateModified":"2023-01-05T07:58:25+00:00","description":"Kontrowersje w pediatrii to konferencja pediatryczna od lat odbywaj\u0105ca si\u0119 w Krakowie. Zapraszamy do rezerwacji miejsc.","breadcrumb":{"@id":"https:\/\/www.kontrowersjewpediatrii.pl\/2023\/miejsce\/#breadcrumb"},"inLanguage":"pl-PL","potentialAction":[{"@type":"ReadAction","target":["https:\/\/www.kontrowersjewpediatrii.pl\/2023\/miejsce\/"]}]},{"@type":"BreadcrumbList","@id":"https:\/\/www.kontrowersjewpediatrii.pl\/2023\/miejsce\/#breadcrumb","itemListElement":[{"@type":"ListItem","position":1,"name":"Strona g\u0142\u00f3wna","item":"https:\/\/www.kontrowersjewpediatrii.pl\/2023\/"},{"@type":"ListItem","position":2,"name":"Miejsce spotkania"}]}]}},"_links":{"self":[{"href":"https:\/\/www.kontrowersjewpediatrii.pl\/2023\/wp-json\/wp\/v2\/pages\/1532"}],"collection":[{"href":"https:\/\/www.kontrowersjewpediatrii.pl\/2023\/wp-json\/wp\/v2\/pages"}],"about":[{"href":"https:\/\/www.kontrowersjewpediatrii.pl\/2023\/wp-json\/wp\/v2\/types\/page"}],"author":[{"embeddable":true,"href":"https:\/\/www.kontrowersjewpediatrii.pl\/2023\/wp-json\/wp\/v2\/users\/1"}],"replies":[{"embeddable":true,"href":"https:\/\/www.kontrowersjewpediatrii.pl\/2023\/wp-json\/wp\/v2\/comments?post=1532"}],"version-history":[{"count":12,"href":"https:\/\/www.kontrowersjewpediatrii.pl\/2023\/wp-json\/wp\/v2\/pages\/1532\/revisions"}],"predecessor-version":[{"id":2594,"href":"https:\/\/www.kontrowersjewpediatrii.pl\/2023\/wp-json\/wp\/v2\/pages\/1532\/revisions\/2594"}],"wp:attachment":[{"href":"https:\/\/www.kontrowersjewpediatrii.pl\/2023\/wp-json\/wp\/v2\/media?parent=1532"}],"curies":[{"name":"wp","href":"https:\/\/api.w.org\/{rel}","templated":true}]}}