{"id":155,"date":"2018-12-12T13:04:42","date_gmt":"2018-12-12T12:04:42","guid":{"rendered":"https:\/\/www.kontrowersjewpediatrii.pl\/2023\/?page_id=155"},"modified":"2022-12-21T11:11:08","modified_gmt":"2022-12-21T10:11:08","slug":"hotel","status":"publish","type":"page","link":"https:\/\/www.kontrowersjewpediatrii.pl\/2023\/hotel\/","title":{"rendered":"Hotel"},"content":{"rendered":"<p style=\"text-align: center;\"><strong>Zarezerwuj hotel &#8211; oferty specjalne dla Uczestnik\u00f3w konferencji:<\/strong><\/p>\r\n<p>&nbsp;<\/p>\r\n<p><img decoding=\"async\" loading=\"lazy\" class=\"aligncenter size-full wp-image-2384\" src=\"https:\/\/www.kontrowersjewpediatrii.pl\/2023\/wp-content\/uploads\/2022\/12\/images.png\" alt=\"\" width=\"225\" height=\"225\" srcset=\"https:\/\/www.kontrowersjewpediatrii.pl\/2023\/wp-content\/uploads\/2022\/12\/images.png 225w, https:\/\/www.kontrowersjewpediatrii.pl\/2023\/wp-content\/uploads\/2022\/12\/images-150x150.png 150w, https:\/\/www.kontrowersjewpediatrii.pl\/2023\/wp-content\/uploads\/2022\/12\/images-100x100.png 100w\" sizes=\"(max-width: 225px) 100vw, 225px\" \/><\/p>\r\n<p style=\"text-align: center;\"><em>Hyatt Place Krak\u00f3w, al. 3 Maja 47a<\/em><\/p>\r\n<ul>\r\n<li style=\"list-style-type: none;\"><br \/>\r\n<ul>\r\n<li style=\"list-style-type: none;\">\r\n<ul>\r\n<li>340 z\u0142\/doba \u2013 pok\u00f3j standardowy dla jednej osoby<\/li>\r\n<li>390 z\u0142\/doba \u2013 pok\u00f3j standardowy dla dw\u00f3ch os\u00f3b<\/li>\r\n<\/ul>\r\n<\/li>\r\n<\/ul>\r\n<\/li>\r\n<\/ul>\r\n<p>Cena: zawiera 8% VAT oraz \u015bniadanie w formie bufetu<\/p>\r\n<p>Oferta bezprowizyjna.<\/p>\r\n<p>Przy zak\u0142adaniu rezerwacji wymagana gwarancja kart\u0105 kredytow\u0105.<\/p>\r\n<p>Mo\u017cliwo\u015b\u0107 bez kosztowej anulacji rezerwacji do 3 dni przed przyjazdem do godz. 18:00.<\/p>\r\n<p>&nbsp;<\/p>\r\n<p>1.7 km | 20 min pieszo do miejsca konferencji<\/p>\r\n<hr \/>\r\n<p><img decoding=\"async\" loading=\"lazy\" class=\"aligncenter wp-image-1637 \" src=\"https:\/\/www.kontrowersjewpediatrii.pl\/2023\/wp-content\/uploads\/2021\/12\/parkinn-e1640605864356.jpg\" alt=\"\" width=\"191\" height=\"100\" srcset=\"https:\/\/www.kontrowersjewpediatrii.pl\/2023\/wp-content\/uploads\/2021\/12\/parkinn-e1640605864356.jpg 1220w, https:\/\/www.kontrowersjewpediatrii.pl\/2023\/wp-content\/uploads\/2021\/12\/parkinn-e1640605864356-300x157.jpg 300w, https:\/\/www.kontrowersjewpediatrii.pl\/2023\/wp-content\/uploads\/2021\/12\/parkinn-e1640605864356-1024x536.jpg 1024w, https:\/\/www.kontrowersjewpediatrii.pl\/2023\/wp-content\/uploads\/2021\/12\/parkinn-e1640605864356-768x402.jpg 768w, https:\/\/www.kontrowersjewpediatrii.pl\/2023\/wp-content\/uploads\/2021\/12\/parkinn-e1640605864356-600x314.jpg 600w\" sizes=\"(max-width: 191px) 100vw, 191px\" \/><\/p>\r\n<p style=\"text-align: center;\"><em>Park Inn by Radisson Krak\u00f3w, ul. Monte Cassino 2<\/em><\/p>\r\n<ul>\r\n<li>290 z\u0142\/doba \u2013 pok\u00f3j jednoosobowy ze \u015bniadaniem<\/li>\r\n<li>340 z\u0142\/doba \u2013 pok\u00f3j dwuosobowy ze \u015bniadaniem<\/li>\r\n<\/ul>\r\n<p>Oferta obowi\u0105zuje w dniach 24.02.2023 do 25.02.2023 roku wy\u0142\u0105cznie podczas rezerwacji bezpo\u015bredniej.<\/p>\r\n<p><em>P\u0142atno\u015b\u0107 za rezerwacje dokonane indywidualnie przez Go\u015bci bezpo\u015brednio w Hotelu.<\/em><\/p>\r\n<p>Rezerwacje na has\u0142o &#8220;Kontrowersje w pediatrii&#8221; mo\u017cna sk\u0142ada\u0107 mailowo: wiktoria.podpora@radissonhotels.com<\/p>\r\n<p>2.1 km | 27 min pieszo do miejsca konferencji<\/p>\r\n<hr \/>\r\n<p><img decoding=\"async\" loading=\"lazy\" class=\"aligncenter size-full wp-image-2450\" src=\"https:\/\/www.kontrowersjewpediatrii.pl\/2023\/wp-content\/uploads\/2022\/12\/Radisson_Blu_logo.png\" alt=\"\" width=\"162\" height=\"49\" \/><\/p>\r\n<p style=\"text-align: center;\"><em>Radisson Blu, Floriana Straszewskiego 17<\/em><\/p>\r\n<ul>\r\n<li>360 z\u0142\/doba \u2013 pok\u00f3j jednoosobowy ze \u015bniadaniem<\/li>\r\n<li>410 z\u0142\/doba \u2013 pok\u00f3j dwuosobowy ze \u015bniadaniem<\/li>\r\n<\/ul>\r\n<p>Oferta obowi\u0105zuje w dniach 24.02.2023 do 25.02.2023 roku wy\u0142\u0105cznie podczas rezerwacji bezpo\u015bredniej.<\/p>\r\n<p>P\u0142atno\u015b\u0107 za rezerwacje dokonane indywidualnie przez Go\u015bci bezpo\u015brednio w Hotelu.<\/p>\r\n<p>Rezerwacje na has\u0142o &#8220;Kontrowersje w pediatrii&#8221; mo\u017cna sk\u0142ada\u0107 mailowo: wiktoria.podpora@radissonhotels.com<\/p>\r\n<p>950 m | 12 min pieszo do miejsca konferencji<\/p>\r\n<hr \/>\r\n<p><img decoding=\"async\" loading=\"lazy\" class=\"aligncenter  wp-image-2391\" src=\"https:\/\/www.kontrowersjewpediatrii.pl\/2023\/wp-content\/uploads\/2022\/12\/QH-LOGOTYP-UPROSZCZONY-MONOCHROMATYCZNY-NA-TLE-UKLAD-POZIOMY.jpg\" alt=\"\" width=\"143\" height=\"143\" srcset=\"https:\/\/www.kontrowersjewpediatrii.pl\/2023\/wp-content\/uploads\/2022\/12\/QH-LOGOTYP-UPROSZCZONY-MONOCHROMATYCZNY-NA-TLE-UKLAD-POZIOMY.jpg 1182w, https:\/\/www.kontrowersjewpediatrii.pl\/2023\/wp-content\/uploads\/2022\/12\/QH-LOGOTYP-UPROSZCZONY-MONOCHROMATYCZNY-NA-TLE-UKLAD-POZIOMY-300x300.jpg 300w, https:\/\/www.kontrowersjewpediatrii.pl\/2023\/wp-content\/uploads\/2022\/12\/QH-LOGOTYP-UPROSZCZONY-MONOCHROMATYCZNY-NA-TLE-UKLAD-POZIOMY-1024x1024.jpg 1024w, https:\/\/www.kontrowersjewpediatrii.pl\/2023\/wp-content\/uploads\/2022\/12\/QH-LOGOTYP-UPROSZCZONY-MONOCHROMATYCZNY-NA-TLE-UKLAD-POZIOMY-150x150.jpg 150w, https:\/\/www.kontrowersjewpediatrii.pl\/2023\/wp-content\/uploads\/2022\/12\/QH-LOGOTYP-UPROSZCZONY-MONOCHROMATYCZNY-NA-TLE-UKLAD-POZIOMY-768x768.jpg 768w, https:\/\/www.kontrowersjewpediatrii.pl\/2023\/wp-content\/uploads\/2022\/12\/QH-LOGOTYP-UPROSZCZONY-MONOCHROMATYCZNY-NA-TLE-UKLAD-POZIOMY-600x600.jpg 600w, https:\/\/www.kontrowersjewpediatrii.pl\/2023\/wp-content\/uploads\/2022\/12\/QH-LOGOTYP-UPROSZCZONY-MONOCHROMATYCZNY-NA-TLE-UKLAD-POZIOMY-100x100.jpg 100w\" sizes=\"(max-width: 143px) 100vw, 143px\" \/><\/p>\r\n<p style=\"text-align: center;\"><em>Q Hotel Plus Krak\u00f3w, ul. Wygrana 6<\/em><\/p>\r\n<ul>\r\n<li>360 z\u0142\/doba \u2013 pok\u00f3j jednoosobowy ze \u015bniadaniem<\/li>\r\n<li>440 z\u0142\/doba \u2013 pok\u00f3j dwuosobowy ze \u015bniadaniem<\/li>\r\n<\/ul>\r\n<p>Oferta obowi\u0105zuje w dniach 23.02.2023 do 26.02.2023 roku wy\u0142\u0105cznie podczas rezerwacji bezpo\u015bredniej.<\/p>\r\n<p>Rezerwacji mo\u017cna dokona\u0107 po klikni\u0119ciu w link: <a href=\"https:\/\/booking.profitroom.com\/pl\/qhotelpluskrakow\/details\/offer\/312040?code=Kontrowersje%20w%20pediatrii&amp;no-cache=&amp;currency=PLN\">Rezerwacja Q Hotel<\/a><\/p>\r\n<p>2.1 km | 27 min pieszo do miejsca konferencji<\/p>\r\n<!-- \/wp:paragraph -->\r\n\r\n<!-- wp:nextpage -->\r\n<p><!--nextpage--><\/p>\r\n<!-- \/wp:nextpage -->\r\n\r\n<!-- wp:paragraph {\"align\":\"center\"} -->\r\n<p style=\"text-align: center;\"><a href=\"https:\/\/www.kontrowersjewpediatrii.pl\/2023\">www.kontrowersjewpediatrii.pl<\/a><\/p>\r\n<!-- \/wp:paragraph -->","protected":false},"excerpt":{"rendered":"<p>Zarezerwuj hotel &#8211; oferty specjalne dla Uczestnik\u00f3w konferencji: &nbsp; Hyatt Place Krak\u00f3w, al. 3 Maja 47a 340 z\u0142\/doba \u2013 pok\u00f3j standardowy dla jednej osoby 390 z\u0142\/doba \u2013 pok\u00f3j standardowy dla dw\u00f3ch os\u00f3b Cena: zawiera 8% VAT oraz \u015bniadanie w formie bufetu Oferta bezprowizyjna. Przy zak\u0142adaniu rezerwacji wymagana gwarancja kart\u0105 kredytow\u0105. Mo\u017cliwo\u015b\u0107 bez kosztowej anulacji rezerwacji [&hellip;]<\/p>\n","protected":false},"author":1,"featured_media":0,"parent":0,"menu_order":0,"comment_status":"closed","ping_status":"closed","template":"template_page.php","meta":[],"acf":[],"yoast_head":"<!-- This site is optimized with the Yoast SEO plugin v19.4 - https:\/\/yoast.com\/wordpress\/plugins\/seo\/ -->\n<title>Hotel | Kontrowersje w pediatrii<\/title>\n<meta name=\"description\" content=\"Noclegi - oferty specjalne przygotowane dla Uczestnik\u00f3w konferencji przez krakowskie Hotele. Zarezerwuj Hotel ju\u017c dzi\u015b i zdob\u0105d\u017a atrakcyjn\u0105 zni\u017ck\u0119!\" \/>\n<meta name=\"robots\" content=\"index, follow, max-snippet:-1, max-image-preview:large, max-video-preview:-1\" \/>\n<link rel=\"canonical\" href=\"https:\/\/www.kontrowersjewpediatrii.pl\/2023\/hotel\/\" \/>\n<link rel=\"next\" href=\"https:\/\/www.kontrowersjewpediatrii.pl\/2023\/hotel\/2\/\" \/>\n<meta property=\"og:locale\" content=\"pl_PL\" \/>\n<meta property=\"og:type\" content=\"article\" \/>\n<meta property=\"og:title\" content=\"Hotel | Kontrowersje w pediatrii\" \/>\n<meta property=\"og:description\" content=\"Noclegi - oferty specjalne przygotowane dla Uczestnik\u00f3w konferencji przez krakowskie Hotele. Zarezerwuj Hotel ju\u017c dzi\u015b i zdob\u0105d\u017a atrakcyjn\u0105 zni\u017ck\u0119!\" \/>\n<meta property=\"og:url\" content=\"https:\/\/www.kontrowersjewpediatrii.pl\/2023\/hotel\/\" \/>\n<meta property=\"og:site_name\" content=\"Kontrowersje w pediatrii\" \/>\n<meta property=\"article:modified_time\" content=\"2022-12-21T10:11:08+00:00\" \/>\n<meta property=\"og:image\" content=\"https:\/\/www.kontrowersjewpediatrii.pl\/2023\/wp-content\/uploads\/2022\/12\/images.png\" \/>\n<meta name=\"twitter:card\" content=\"summary_large_image\" \/>\n<meta name=\"twitter:label1\" content=\"Szacowany czas czytania\" \/>\n\t<meta name=\"twitter:data1\" content=\"2 minuty\" \/>\n<script type=\"application\/ld+json\" class=\"yoast-schema-graph\">{\"@context\":\"https:\/\/schema.org\",\"@graph\":[{\"@type\":\"Organization\",\"@id\":\"https:\/\/www.kontrowersjewpediatrii.pl\/2023\/#organization\",\"name\":\"Kontrowersje w Pediatrii\",\"url\":\"https:\/\/www.kontrowersjewpediatrii.pl\/2023\/\",\"sameAs\":[],\"logo\":{\"@type\":\"ImageObject\",\"inLanguage\":\"pl-PL\",\"@id\":\"https:\/\/www.kontrowersjewpediatrii.pl\/2023\/#\/schema\/logo\/image\/\",\"url\":\"https:\/\/www.kontrowersjewpediatrii.pl\/wp-content\/uploads\/2022\/11\/cropped-Projekt-bez-tytulu.png\",\"contentUrl\":\"https:\/\/www.kontrowersjewpediatrii.pl\/wp-content\/uploads\/2022\/11\/cropped-Projekt-bez-tytulu.png\",\"width\":512,\"height\":512,\"caption\":\"Kontrowersje w Pediatrii\"},\"image\":{\"@id\":\"https:\/\/www.kontrowersjewpediatrii.pl\/2023\/#\/schema\/logo\/image\/\"}},{\"@type\":\"WebSite\",\"@id\":\"https:\/\/www.kontrowersjewpediatrii.pl\/2023\/#website\",\"url\":\"https:\/\/www.kontrowersjewpediatrii.pl\/2023\/\",\"name\":\"Kontrowersje w pediatrii\",\"description\":\"XVI Konferencja dla Pediatr\u00f3w\",\"publisher\":{\"@id\":\"https:\/\/www.kontrowersjewpediatrii.pl\/2023\/#organization\"},\"potentialAction\":[{\"@type\":\"SearchAction\",\"target\":{\"@type\":\"EntryPoint\",\"urlTemplate\":\"https:\/\/www.kontrowersjewpediatrii.pl\/2023\/?s={search_term_string}\"},\"query-input\":\"required name=search_term_string\"}],\"inLanguage\":\"pl-PL\"},{\"@type\":\"WebPage\",\"@id\":\"https:\/\/www.kontrowersjewpediatrii.pl\/2023\/hotel\/\",\"url\":\"https:\/\/www.kontrowersjewpediatrii.pl\/2023\/hotel\/\",\"name\":\"Hotel | Kontrowersje w pediatrii\",\"isPartOf\":{\"@id\":\"https:\/\/www.kontrowersjewpediatrii.pl\/2023\/#website\"},\"datePublished\":\"2018-12-12T12:04:42+00:00\",\"dateModified\":\"2022-12-21T10:11:08+00:00\",\"description\":\"Noclegi - oferty specjalne przygotowane dla Uczestnik\u00f3w konferencji przez krakowskie Hotele. Zarezerwuj Hotel ju\u017c dzi\u015b i zdob\u0105d\u017a atrakcyjn\u0105 zni\u017ck\u0119!\",\"breadcrumb\":{\"@id\":\"https:\/\/www.kontrowersjewpediatrii.pl\/2023\/hotel\/#breadcrumb\"},\"inLanguage\":\"pl-PL\",\"potentialAction\":[{\"@type\":\"ReadAction\",\"target\":[\"https:\/\/www.kontrowersjewpediatrii.pl\/2023\/hotel\/\"]}]},{\"@type\":\"BreadcrumbList\",\"@id\":\"https:\/\/www.kontrowersjewpediatrii.pl\/2023\/hotel\/#breadcrumb\",\"itemListElement\":[{\"@type\":\"ListItem\",\"position\":1,\"name\":\"Strona g\u0142\u00f3wna\"}]}]}<\/script>\n<!-- \/ Yoast SEO plugin. -->","yoast_head_json":{"title":"Hotel | Kontrowersje w pediatrii","description":"Noclegi - oferty specjalne przygotowane dla Uczestnik\u00f3w konferencji przez krakowskie Hotele. Zarezerwuj Hotel ju\u017c dzi\u015b i zdob\u0105d\u017a atrakcyjn\u0105 zni\u017ck\u0119!","robots":{"index":"index","follow":"follow","max-snippet":"max-snippet:-1","max-image-preview":"max-image-preview:large","max-video-preview":"max-video-preview:-1"},"canonical":"https:\/\/www.kontrowersjewpediatrii.pl\/2023\/hotel\/","next":"https:\/\/www.kontrowersjewpediatrii.pl\/2023\/hotel\/2\/","og_locale":"pl_PL","og_type":"article","og_title":"Hotel | Kontrowersje w pediatrii","og_description":"Noclegi - oferty specjalne przygotowane dla Uczestnik\u00f3w konferencji przez krakowskie Hotele. Zarezerwuj Hotel ju\u017c dzi\u015b i zdob\u0105d\u017a atrakcyjn\u0105 zni\u017ck\u0119!","og_url":"https:\/\/www.kontrowersjewpediatrii.pl\/2023\/hotel\/","og_site_name":"Kontrowersje w pediatrii","article_modified_time":"2022-12-21T10:11:08+00:00","og_image":[{"url":"https:\/\/www.kontrowersjewpediatrii.pl\/2023\/wp-content\/uploads\/2022\/12\/images.png"}],"twitter_card":"summary_large_image","twitter_misc":{"Szacowany czas czytania":"2 minuty"},"schema":{"@context":"https:\/\/schema.org","@graph":[{"@type":"Organization","@id":"https:\/\/www.kontrowersjewpediatrii.pl\/2023\/#organization","name":"Kontrowersje w Pediatrii","url":"https:\/\/www.kontrowersjewpediatrii.pl\/2023\/","sameAs":[],"logo":{"@type":"ImageObject","inLanguage":"pl-PL","@id":"https:\/\/www.kontrowersjewpediatrii.pl\/2023\/#\/schema\/logo\/image\/","url":"https:\/\/www.kontrowersjewpediatrii.pl\/wp-content\/uploads\/2022\/11\/cropped-Projekt-bez-tytulu.png","contentUrl":"https:\/\/www.kontrowersjewpediatrii.pl\/wp-content\/uploads\/2022\/11\/cropped-Projekt-bez-tytulu.png","width":512,"height":512,"caption":"Kontrowersje w Pediatrii"},"image":{"@id":"https:\/\/www.kontrowersjewpediatrii.pl\/2023\/#\/schema\/logo\/image\/"}},{"@type":"WebSite","@id":"https:\/\/www.kontrowersjewpediatrii.pl\/2023\/#website","url":"https:\/\/www.kontrowersjewpediatrii.pl\/2023\/","name":"Kontrowersje w pediatrii","description":"XVI Konferencja dla Pediatr\u00f3w","publisher":{"@id":"https:\/\/www.kontrowersjewpediatrii.pl\/2023\/#organization"},"potentialAction":[{"@type":"SearchAction","target":{"@type":"EntryPoint","urlTemplate":"https:\/\/www.kontrowersjewpediatrii.pl\/2023\/?s={search_term_string}"},"query-input":"required name=search_term_string"}],"inLanguage":"pl-PL"},{"@type":"WebPage","@id":"https:\/\/www.kontrowersjewpediatrii.pl\/2023\/hotel\/","url":"https:\/\/www.kontrowersjewpediatrii.pl\/2023\/hotel\/","name":"Hotel | Kontrowersje w pediatrii","isPartOf":{"@id":"https:\/\/www.kontrowersjewpediatrii.pl\/2023\/#website"},"datePublished":"2018-12-12T12:04:42+00:00","dateModified":"2022-12-21T10:11:08+00:00","description":"Noclegi - oferty specjalne przygotowane dla Uczestnik\u00f3w konferencji przez krakowskie Hotele. Zarezerwuj Hotel ju\u017c dzi\u015b i zdob\u0105d\u017a atrakcyjn\u0105 zni\u017ck\u0119!","breadcrumb":{"@id":"https:\/\/www.kontrowersjewpediatrii.pl\/2023\/hotel\/#breadcrumb"},"inLanguage":"pl-PL","potentialAction":[{"@type":"ReadAction","target":["https:\/\/www.kontrowersjewpediatrii.pl\/2023\/hotel\/"]}]},{"@type":"BreadcrumbList","@id":"https:\/\/www.kontrowersjewpediatrii.pl\/2023\/hotel\/#breadcrumb","itemListElement":[{"@type":"ListItem","position":1,"name":"Strona g\u0142\u00f3wna"}]}]}},"_links":{"self":[{"href":"https:\/\/www.kontrowersjewpediatrii.pl\/2023\/wp-json\/wp\/v2\/pages\/155"}],"collection":[{"href":"https:\/\/www.kontrowersjewpediatrii.pl\/2023\/wp-json\/wp\/v2\/pages"}],"about":[{"href":"https:\/\/www.kontrowersjewpediatrii.pl\/2023\/wp-json\/wp\/v2\/types\/page"}],"author":[{"embeddable":true,"href":"https:\/\/www.kontrowersjewpediatrii.pl\/2023\/wp-json\/wp\/v2\/users\/1"}],"replies":[{"embeddable":true,"href":"https:\/\/www.kontrowersjewpediatrii.pl\/2023\/wp-json\/wp\/v2\/comments?post=155"}],"version-history":[{"count":55,"href":"https:\/\/www.kontrowersjewpediatrii.pl\/2023\/wp-json\/wp\/v2\/pages\/155\/revisions"}],"predecessor-version":[{"id":2452,"href":"https:\/\/www.kontrowersjewpediatrii.pl\/2023\/wp-json\/wp\/v2\/pages\/155\/revisions\/2452"}],"wp:attachment":[{"href":"https:\/\/www.kontrowersjewpediatrii.pl\/2023\/wp-json\/wp\/v2\/media?parent=155"}],"curies":[{"name":"wp","href":"https:\/\/api.w.org\/{rel}","templated":true}]}}