{"id":1640,"date":"2021-12-27T15:00:43","date_gmt":"2021-12-27T14:00:43","guid":{"rendered":"https:\/\/www.kontrowersjewpediatrii.pl\/2023\/?page_id=1640"},"modified":"2022-08-18T15:09:46","modified_gmt":"2022-08-18T13:09:46","slug":"przelew-tradycyjny","status":"publish","type":"page","link":"https:\/\/www.kontrowersjewpediatrii.pl\/2023\/przelew-tradycyjny\/","title":{"rendered":"Rejestracja dla przelew\u00f3w tradycyjnych"},"content":{"rendered":"<p><strong>Rejestracja \/ przelew bankowy \u2013 XVI Og\u00f3lnopolska Konferencja <em>Kontrowersje w pediatrii<\/em><\/strong><\/p>\n<p>Poni\u017cszy formularz przeznaczony jest dla rejestracji uczestnictwa w XVI Og\u00f3lnopolskiej Konferencji <em><b>Kontrowersje w pediatrii\u00a0<\/b><\/em>op\u0142acanych przelewem bankowym. Osoby chc\u0105ce dokona\u0107 p\u0142atno\u015bci elektronicznej zapraszamy na stron\u0119:\u00a0<b><a href=\"https:\/\/www.kontrowersjewpediatrii.pl\/2023\/rejestracja\/\" target=\"_blank\" rel=\"noopener\">www.kontrowersjewpediatrii.pl\/rejestracja<\/a><\/b><\/p>\n<p><strong>Rejestracja \u2013 przelew:<\/strong><\/p>\n<p>(w przypadku braku faktury, prosimy uzupe\u0142ni\u0107 pola dot. firmy s\u0142owem \u201ebrak\u201d)<\/p>\n<p style=\"text-align: center;\"><div id=\"cf7cstmzr-form\" class=\"cf7cstmzr-form-2257 cf7cstmzr-form\"><div role=\"form\" class=\"wpcf7\" id=\"wpcf7-f2257-o1\" lang=\"pl-PL\" dir=\"ltr\">\n<div class=\"screen-reader-response\"><p role=\"status\" aria-live=\"polite\" aria-atomic=\"true\"><\/p> <ul><\/ul><\/div>\n<form action=\"\/2023\/wp-json\/wp\/v2\/pages\/1640#wpcf7-f2257-o1\" method=\"post\" class=\"wpcf7-form init\" novalidate=\"novalidate\" data-status=\"init\">\n<div style=\"display: none;\">\n<input type=\"hidden\" name=\"_wpcf7\" value=\"2257\" \/>\n<input type=\"hidden\" name=\"_wpcf7_version\" value=\"5.5.6\" \/>\n<input type=\"hidden\" name=\"_wpcf7_locale\" value=\"pl_PL\" \/>\n<input type=\"hidden\" name=\"_wpcf7_unit_tag\" value=\"wpcf7-f2257-o1\" \/>\n<input type=\"hidden\" name=\"_wpcf7_container_post\" value=\"0\" \/>\n<input type=\"hidden\" name=\"_wpcf7_posted_data_hash\" value=\"\" \/>\n<\/div>\n<div class=\"uacf7-form-2257\">\n<div class=\"form-wrapper\">\n<div class=\"row clearfix\">\n<div class=\"label-group\"><label for=\"\">Imi\u0119:<\/label><\/div>\n<div class=\"input-group\"><span class=\"wpcf7-form-control-wrap text-520\"><input type=\"text\" name=\"text-520\" value=\"\" size=\"40\" class=\"wpcf7-form-control wpcf7-text wpcf7-validates-as-required\" aria-required=\"true\" aria-invalid=\"false\" \/><\/span><\/div>\n<\/div>\n<div class=\"row clearfix\">\n<div class=\"label-group\"><label for=\"\">Nazwisko:<\/label><\/div>\n<div class=\"input-group\"><span class=\"wpcf7-form-control-wrap text-521\"><input type=\"text\" name=\"text-521\" value=\"\" size=\"40\" class=\"wpcf7-form-control wpcf7-text wpcf7-validates-as-required\" aria-required=\"true\" aria-invalid=\"false\" \/><\/span><\/div>\n<\/div>\n<div class=\"row clearfix\">\n<div class=\"label-group\"><label for=\"\">Specjalizacja:<\/label><\/div>\n<div class=\"input-group\"><span class=\"wpcf7-form-control-wrap text-522\"><input type=\"text\" name=\"text-522\" value=\"\" size=\"40\" class=\"wpcf7-form-control wpcf7-text wpcf7-validates-as-required\" aria-required=\"true\" aria-invalid=\"false\" \/><\/span><\/div>\n<\/div>\n<div class=\"row clearfix\">\n<div class=\"label-group\"><label for=\"\">Ulica i nr:<\/label><\/div>\n<div class=\"input-group\"><span class=\"wpcf7-form-control-wrap text-523\"><input type=\"text\" name=\"text-523\" value=\"\" size=\"40\" class=\"wpcf7-form-control wpcf7-text wpcf7-validates-as-required\" aria-required=\"true\" aria-invalid=\"false\" \/><\/span><\/div>\n<\/div>\n<div class=\"row clearfix\">\n<div class=\"label-group\"><label for=\"\">Kod pocztowy:<\/label><\/div>\n<div class=\"input-group\"><span class=\"wpcf7-form-control-wrap text-524\"><input type=\"text\" name=\"text-524\" value=\"\" size=\"40\" class=\"wpcf7-form-control wpcf7-text wpcf7-validates-as-required\" aria-required=\"true\" aria-invalid=\"false\" \/><\/span><\/div>\n<\/div>\n<div class=\"row clearfix\">\n<div class=\"label-group\"><label for=\"\">Miasto:<\/label><\/div>\n<div class=\"input-group\"><span class=\"wpcf7-form-control-wrap text-525\"><input type=\"text\" name=\"text-525\" value=\"\" size=\"40\" class=\"wpcf7-form-control wpcf7-text wpcf7-validates-as-required\" aria-required=\"true\" aria-invalid=\"false\" \/><\/span><\/div>\n<\/div>\n<div class=\"row clearfix\">\n<div class=\"label-group\"><label for=\"\">Telefon:<\/label><\/div>\n<div class=\"input-group\"><span class=\"wpcf7-form-control-wrap text-526\"><input type=\"text\" name=\"text-526\" value=\"\" size=\"40\" class=\"wpcf7-form-control wpcf7-text wpcf7-validates-as-required\" aria-required=\"true\" aria-invalid=\"false\" \/><\/span><\/div>\n<\/div>\n<div class=\"row clearfix\">\n<div class=\"label-group\"><label for=\"\">Email:<\/label><\/div>\n<div class=\"input-group\"><span class=\"wpcf7-form-control-wrap email-549\"><input type=\"email\" name=\"email-549\" value=\"\" size=\"40\" class=\"wpcf7-form-control wpcf7-text wpcf7-email wpcf7-validates-as-required wpcf7-validates-as-email\" aria-required=\"true\" aria-invalid=\"false\" \/><\/span><\/div>\n<\/div>\n<div class=\"row clearfix\">\n<div class=\"label-group\"><label for=\"\">Wariant udzia\u0142u:<\/label><\/div>\n<div class=\"input-group\"><span class=\"wpcf7-form-control-wrap menu-763\"><select name=\"menu-763\" class=\"wpcf7-form-control wpcf7-select wpcf7-validates-as-required\" aria-required=\"true\" aria-invalid=\"false\"><option value=\"\">---<\/option><option value=\"Lekarz specjalista: 495 z\u0142\">Lekarz specjalista: 495 z\u0142<\/option><option value=\"Lekarz w trakcie specjalizacji: 400 z\u0142\">Lekarz w trakcie specjalizacji: 400 z\u0142<\/option><option value=\"Udzia\u0142 on-line: 395 z\u0142\">Udzia\u0142 on-line: 395 z\u0142<\/option><\/select><\/span><\/div>\n<\/div>\n<div class=\"row clearfix\">\n<div class=\"label-group\"><label for=\"\">Nazwa do faktury:<\/label> <\/div>\n<div class=\"input-group\"><span class=\"wpcf7-form-control-wrap text-626\"><input type=\"text\" name=\"text-626\" value=\"\" size=\"40\" class=\"wpcf7-form-control wpcf7-text\" aria-invalid=\"false\" \/><\/span><\/div>\n<\/div>\n<div class=\"row clearfix\">\n<div class=\"label-group\"> <label for=\"\">Ulica i nr.:<\/label> <\/div>\n<div class=\"input-group\"><span class=\"wpcf7-form-control-wrap text-627\"><input type=\"text\" name=\"text-627\" value=\"\" size=\"40\" class=\"wpcf7-form-control wpcf7-text\" aria-invalid=\"false\" \/><\/span><\/div>\n<\/div>\n<div class=\"row clearfix\">\n<div class=\"label-group\"> <label for=\"\">Kod pocztowy:<\/label> <\/div>\n<div class=\"input-group\"><span class=\"wpcf7-form-control-wrap text-628\"><input type=\"text\" name=\"text-628\" value=\"\" size=\"40\" class=\"wpcf7-form-control wpcf7-text\" aria-invalid=\"false\" \/><\/span><\/div>\n<\/div>\n<div class=\"row clearfix\">\n<div class=\"label-group\"> <label for=\"\">Miasto:<\/label> <\/div>\n<div class=\"input-group\"><span class=\"wpcf7-form-control-wrap text-629\"><input type=\"text\" name=\"text-629\" value=\"\" size=\"40\" class=\"wpcf7-form-control wpcf7-text\" aria-invalid=\"false\" \/><\/span><\/div>\n<\/div>\n<div class=\"row clearfix\">\n<div class=\"label-group\"> <label for=\"\">NIP:<\/label> <\/div>\n<div class=\"input-group\"><span class=\"wpcf7-form-control-wrap text-630\"><input type=\"text\" name=\"text-630\" value=\"\" size=\"40\" class=\"wpcf7-form-control wpcf7-text\" aria-invalid=\"false\" \/><\/span><\/div>\n<\/div>\n<div class=\"row clearfix\">\n<div class=\"label-group\"> <label for=\"\"><\/label> <\/div>\n<div class=\"input-group\"><span class=\"wpcf7-form-control-wrap checkbox-428\"><span class=\"wpcf7-form-control wpcf7-checkbox wpcf7-validates-as-required\"><span class=\"wpcf7-list-item first last\"><label><input type=\"checkbox\" name=\"checkbox-428[]\" value=\"Wyra\u017cam zgod\u0119 na przetwarzanie moich danych osobowych zgodnie z ustaw\u0105 z dnia 10 maja 2018 r. o ochronie danych osobowych z p\u00f3\u017aniejszymi zmianami przez Medvisa S\u0142awomir Poziomek z siedzib\u0105 w Poznaniu, jako administratora danych osobowych w celu organizacji kursu\/warsztat\u00f3w i informowania mnie o przysz\u0142ych konferencjach i kursach. O\u015bwiadczam, \u017ce zosta\u0142em\/am poinformowany\/a o prawie wgl\u0105du do moich danych i mo\u017cliwo\u015bci ich modyfikacji\" \/><span class=\"wpcf7-list-item-label\">Wyra\u017cam zgod\u0119 na przetwarzanie moich danych osobowych zgodnie z ustaw\u0105 z dnia 10 maja 2018 r. o ochronie danych osobowych z p\u00f3\u017aniejszymi zmianami przez Medvisa S\u0142awomir Poziomek z siedzib\u0105 w Poznaniu, jako administratora danych osobowych w celu organizacji kursu\/warsztat\u00f3w i informowania mnie o przysz\u0142ych konferencjach i kursach. O\u015bwiadczam, \u017ce zosta\u0142em\/am poinformowany\/a o prawie wgl\u0105du do moich danych i mo\u017cliwo\u015bci ich modyfikacji<\/span><\/label><\/span><\/span><\/span><\/div>\n<\/div>\n<div class=\"row clearfix\">\n<div class=\"label-group\"><\/div>\n<div class=\"input-group\"><input type=\"submit\" value=\"Wy\u015blij formularz\" class=\"wpcf7-form-control has-spinner wpcf7-submit\" \/><\/div>\n<\/div>\n<\/div>\n<p><!-- form wrapper --><\/div>\n<input type='hidden' class='wpcf7-pum' value='{\"closepopup\":false,\"closedelay\":0,\"openpopup\":false,\"openpopup_id\":0}' \/><div class=\"wpcf7-response-output\" aria-hidden=\"true\"><\/div><\/form><\/div><\/div>\n","protected":false},"excerpt":{"rendered":"<p>Rejestracja \/ przelew bankowy \u2013 XVI Og\u00f3lnopolska Konferencja Kontrowersje w pediatrii Poni\u017cszy formularz przeznaczony jest dla rejestracji uczestnictwa w XVI Og\u00f3lnopolskiej Konferencji Kontrowersje w pediatrii\u00a0op\u0142acanych przelewem bankowym. Osoby chc\u0105ce dokona\u0107 p\u0142atno\u015bci elektronicznej zapraszamy na stron\u0119:\u00a0www.kontrowersjewpediatrii.pl\/rejestracja Rejestracja \u2013 przelew: (w przypadku braku faktury, prosimy uzupe\u0142ni\u0107 pola dot. firmy s\u0142owem \u201ebrak\u201d)<\/p>\n","protected":false},"author":1,"featured_media":0,"parent":0,"menu_order":0,"comment_status":"closed","ping_status":"closed","template":"template_page.php","meta":[],"acf":[],"yoast_head":"<!-- This site is optimized with the Yoast SEO plugin v19.4 - https:\/\/yoast.com\/wordpress\/plugins\/seo\/ -->\n<title>Rejestracja dla przelew\u00f3w tradycyjnych | Kontrowersje w pediatrii<\/title>\n<meta name=\"description\" content=\"Najnowsze doniesienia naukowe i kontrowersyjne tematy - to wszystko podczas konferencji dla pediatr\u00f3w i specjalist\u00f3w medycyny rodzinnej w Krakowie\" \/>\n<meta name=\"robots\" content=\"index, follow, max-snippet:-1, max-image-preview:large, max-video-preview:-1\" \/>\n<link rel=\"canonical\" href=\"https:\/\/www.kontrowersjewpediatrii.pl\/2023\/przelew-tradycyjny\/\" \/>\n<meta property=\"og:locale\" content=\"pl_PL\" \/>\n<meta property=\"og:type\" content=\"article\" \/>\n<meta property=\"og:title\" content=\"Rejestracja dla przelew\u00f3w tradycyjnych | Kontrowersje w pediatrii\" \/>\n<meta property=\"og:description\" content=\"Najnowsze doniesienia naukowe i kontrowersyjne tematy - to wszystko podczas konferencji dla pediatr\u00f3w i specjalist\u00f3w medycyny rodzinnej w Krakowie\" \/>\n<meta property=\"og:url\" content=\"https:\/\/www.kontrowersjewpediatrii.pl\/2023\/przelew-tradycyjny\/\" \/>\n<meta property=\"og:site_name\" content=\"Kontrowersje w pediatrii\" \/>\n<meta property=\"article:modified_time\" content=\"2022-08-18T13:09:46+00:00\" \/>\n<meta name=\"twitter:card\" content=\"summary_large_image\" \/>\n<meta name=\"twitter:label1\" content=\"Szacowany czas czytania\" \/>\n\t<meta name=\"twitter:data1\" content=\"1 minuta\" \/>\n<script type=\"application\/ld+json\" class=\"yoast-schema-graph\">{\"@context\":\"https:\/\/schema.org\",\"@graph\":[{\"@type\":\"Organization\",\"@id\":\"https:\/\/www.kontrowersjewpediatrii.pl\/2023\/#organization\",\"name\":\"Kontrowersje w Pediatrii\",\"url\":\"https:\/\/www.kontrowersjewpediatrii.pl\/2023\/\",\"sameAs\":[],\"logo\":{\"@type\":\"ImageObject\",\"inLanguage\":\"pl-PL\",\"@id\":\"https:\/\/www.kontrowersjewpediatrii.pl\/2023\/#\/schema\/logo\/image\/\",\"url\":\"https:\/\/www.kontrowersjewpediatrii.pl\/wp-content\/uploads\/2022\/11\/cropped-Projekt-bez-tytulu.png\",\"contentUrl\":\"https:\/\/www.kontrowersjewpediatrii.pl\/wp-content\/uploads\/2022\/11\/cropped-Projekt-bez-tytulu.png\",\"width\":512,\"height\":512,\"caption\":\"Kontrowersje w Pediatrii\"},\"image\":{\"@id\":\"https:\/\/www.kontrowersjewpediatrii.pl\/2023\/#\/schema\/logo\/image\/\"}},{\"@type\":\"WebSite\",\"@id\":\"https:\/\/www.kontrowersjewpediatrii.pl\/2023\/#website\",\"url\":\"https:\/\/www.kontrowersjewpediatrii.pl\/2023\/\",\"name\":\"Kontrowersje w pediatrii\",\"description\":\"XVI Konferencja dla Pediatr\u00f3w\",\"publisher\":{\"@id\":\"https:\/\/www.kontrowersjewpediatrii.pl\/2023\/#organization\"},\"potentialAction\":[{\"@type\":\"SearchAction\",\"target\":{\"@type\":\"EntryPoint\",\"urlTemplate\":\"https:\/\/www.kontrowersjewpediatrii.pl\/2023\/?s={search_term_string}\"},\"query-input\":\"required name=search_term_string\"}],\"inLanguage\":\"pl-PL\"},{\"@type\":\"WebPage\",\"@id\":\"https:\/\/www.kontrowersjewpediatrii.pl\/2023\/przelew-tradycyjny\/\",\"url\":\"https:\/\/www.kontrowersjewpediatrii.pl\/2023\/przelew-tradycyjny\/\",\"name\":\"Rejestracja dla przelew\u00f3w tradycyjnych | Kontrowersje w pediatrii\",\"isPartOf\":{\"@id\":\"https:\/\/www.kontrowersjewpediatrii.pl\/2023\/#website\"},\"datePublished\":\"2021-12-27T14:00:43+00:00\",\"dateModified\":\"2022-08-18T13:09:46+00:00\",\"description\":\"Najnowsze doniesienia naukowe i kontrowersyjne tematy - to wszystko podczas konferencji dla pediatr\u00f3w i specjalist\u00f3w medycyny rodzinnej w Krakowie\",\"breadcrumb\":{\"@id\":\"https:\/\/www.kontrowersjewpediatrii.pl\/2023\/przelew-tradycyjny\/#breadcrumb\"},\"inLanguage\":\"pl-PL\",\"potentialAction\":[{\"@type\":\"ReadAction\",\"target\":[\"https:\/\/www.kontrowersjewpediatrii.pl\/2023\/przelew-tradycyjny\/\"]}]},{\"@type\":\"BreadcrumbList\",\"@id\":\"https:\/\/www.kontrowersjewpediatrii.pl\/2023\/przelew-tradycyjny\/#breadcrumb\",\"itemListElement\":[{\"@type\":\"ListItem\",\"position\":1,\"name\":\"Strona g\u0142\u00f3wna\",\"item\":\"https:\/\/www.kontrowersjewpediatrii.pl\/2023\/\"},{\"@type\":\"ListItem\",\"position\":2,\"name\":\"Rejestracja dla przelew\u00f3w tradycyjnych\"}]}]}<\/script>\n<!-- \/ Yoast SEO plugin. -->","yoast_head_json":{"title":"Rejestracja dla przelew\u00f3w tradycyjnych | Kontrowersje w pediatrii","description":"Najnowsze doniesienia naukowe i kontrowersyjne tematy - to wszystko podczas konferencji dla pediatr\u00f3w i specjalist\u00f3w medycyny rodzinnej w Krakowie","robots":{"index":"index","follow":"follow","max-snippet":"max-snippet:-1","max-image-preview":"max-image-preview:large","max-video-preview":"max-video-preview:-1"},"canonical":"https:\/\/www.kontrowersjewpediatrii.pl\/2023\/przelew-tradycyjny\/","og_locale":"pl_PL","og_type":"article","og_title":"Rejestracja dla przelew\u00f3w tradycyjnych | Kontrowersje w pediatrii","og_description":"Najnowsze doniesienia naukowe i kontrowersyjne tematy - to wszystko podczas konferencji dla pediatr\u00f3w i specjalist\u00f3w medycyny rodzinnej w Krakowie","og_url":"https:\/\/www.kontrowersjewpediatrii.pl\/2023\/przelew-tradycyjny\/","og_site_name":"Kontrowersje w pediatrii","article_modified_time":"2022-08-18T13:09:46+00:00","twitter_card":"summary_large_image","twitter_misc":{"Szacowany czas czytania":"1 minuta"},"schema":{"@context":"https:\/\/schema.org","@graph":[{"@type":"Organization","@id":"https:\/\/www.kontrowersjewpediatrii.pl\/2023\/#organization","name":"Kontrowersje w Pediatrii","url":"https:\/\/www.kontrowersjewpediatrii.pl\/2023\/","sameAs":[],"logo":{"@type":"ImageObject","inLanguage":"pl-PL","@id":"https:\/\/www.kontrowersjewpediatrii.pl\/2023\/#\/schema\/logo\/image\/","url":"https:\/\/www.kontrowersjewpediatrii.pl\/wp-content\/uploads\/2022\/11\/cropped-Projekt-bez-tytulu.png","contentUrl":"https:\/\/www.kontrowersjewpediatrii.pl\/wp-content\/uploads\/2022\/11\/cropped-Projekt-bez-tytulu.png","width":512,"height":512,"caption":"Kontrowersje w Pediatrii"},"image":{"@id":"https:\/\/www.kontrowersjewpediatrii.pl\/2023\/#\/schema\/logo\/image\/"}},{"@type":"WebSite","@id":"https:\/\/www.kontrowersjewpediatrii.pl\/2023\/#website","url":"https:\/\/www.kontrowersjewpediatrii.pl\/2023\/","name":"Kontrowersje w pediatrii","description":"XVI Konferencja dla Pediatr\u00f3w","publisher":{"@id":"https:\/\/www.kontrowersjewpediatrii.pl\/2023\/#organization"},"potentialAction":[{"@type":"SearchAction","target":{"@type":"EntryPoint","urlTemplate":"https:\/\/www.kontrowersjewpediatrii.pl\/2023\/?s={search_term_string}"},"query-input":"required name=search_term_string"}],"inLanguage":"pl-PL"},{"@type":"WebPage","@id":"https:\/\/www.kontrowersjewpediatrii.pl\/2023\/przelew-tradycyjny\/","url":"https:\/\/www.kontrowersjewpediatrii.pl\/2023\/przelew-tradycyjny\/","name":"Rejestracja dla przelew\u00f3w tradycyjnych | Kontrowersje w pediatrii","isPartOf":{"@id":"https:\/\/www.kontrowersjewpediatrii.pl\/2023\/#website"},"datePublished":"2021-12-27T14:00:43+00:00","dateModified":"2022-08-18T13:09:46+00:00","description":"Najnowsze doniesienia naukowe i kontrowersyjne tematy - to wszystko podczas konferencji dla pediatr\u00f3w i specjalist\u00f3w medycyny rodzinnej w Krakowie","breadcrumb":{"@id":"https:\/\/www.kontrowersjewpediatrii.pl\/2023\/przelew-tradycyjny\/#breadcrumb"},"inLanguage":"pl-PL","potentialAction":[{"@type":"ReadAction","target":["https:\/\/www.kontrowersjewpediatrii.pl\/2023\/przelew-tradycyjny\/"]}]},{"@type":"BreadcrumbList","@id":"https:\/\/www.kontrowersjewpediatrii.pl\/2023\/przelew-tradycyjny\/#breadcrumb","itemListElement":[{"@type":"ListItem","position":1,"name":"Strona g\u0142\u00f3wna","item":"https:\/\/www.kontrowersjewpediatrii.pl\/2023\/"},{"@type":"ListItem","position":2,"name":"Rejestracja dla przelew\u00f3w tradycyjnych"}]}]}},"_links":{"self":[{"href":"https:\/\/www.kontrowersjewpediatrii.pl\/2023\/wp-json\/wp\/v2\/pages\/1640"}],"collection":[{"href":"https:\/\/www.kontrowersjewpediatrii.pl\/2023\/wp-json\/wp\/v2\/pages"}],"about":[{"href":"https:\/\/www.kontrowersjewpediatrii.pl\/2023\/wp-json\/wp\/v2\/types\/page"}],"author":[{"embeddable":true,"href":"https:\/\/www.kontrowersjewpediatrii.pl\/2023\/wp-json\/wp\/v2\/users\/1"}],"replies":[{"embeddable":true,"href":"https:\/\/www.kontrowersjewpediatrii.pl\/2023\/wp-json\/wp\/v2\/comments?post=1640"}],"version-history":[{"count":5,"href":"https:\/\/www.kontrowersjewpediatrii.pl\/2023\/wp-json\/wp\/v2\/pages\/1640\/revisions"}],"predecessor-version":[{"id":2259,"href":"https:\/\/www.kontrowersjewpediatrii.pl\/2023\/wp-json\/wp\/v2\/pages\/1640\/revisions\/2259"}],"wp:attachment":[{"href":"https:\/\/www.kontrowersjewpediatrii.pl\/2023\/wp-json\/wp\/v2\/media?parent=1640"}],"curies":[{"name":"wp","href":"https:\/\/api.w.org\/{rel}","templated":true}]}}