{"id":45,"date":"2018-11-14T09:54:44","date_gmt":"2018-11-14T08:54:44","guid":{"rendered":"https:\/\/www.kontrowersjewpediatrii.pl\/2023\/?page_id=45"},"modified":"2023-09-18T15:30:57","modified_gmt":"2023-09-18T13:30:57","slug":"rejestracja","status":"publish","type":"page","link":"https:\/\/www.kontrowersjewpediatrii.pl\/2023\/rejestracja\/","title":{"rendered":"Op\u0142aty i rejestracja"},"content":{"rendered":"\r\n<figure><\/figure>\r\n<figure class=\"wp-block-table is-style-stripes\">\r\n<p style=\"text-align: center;\">\u00a0<\/p>\r\n<p>Rejestracja &#8211; p\u0142atno\u015b\u0107 elektroniczna:<\/p>\r\n<table>\r\n<tbody>\r\n<tr>\r\n<td>\u00a0<\/td>\r\n<td style=\"text-align: center;\">\r\n<p>Wp\u0142ata przelewem<\/p>\r\n<\/td>\r\n<td style=\"text-align: center;\">Wp\u0142ata na miejscu<\/td>\r\n<td>\u00a0<\/td>\r\n<\/tr>\r\n<tr>\r\n<td class=\"has-text-align-left\" data-align=\"left\"><strong><strong>Lekarze specjali\u015bci<\/strong><\/strong><\/td>\r\n<td>\r\n<p style=\"text-align: center;\"><span style=\"font-family: inherit; font-size: inherit;\">495 z\u0142 brutto\u00a0<\/span><\/p>\r\n<\/td>\r\n<td>\r\n<p style=\"text-align: center;\"><span style=\"font-family: inherit; font-size: inherit;\">595 z\u0142 brutto\u00a0<\/span><\/p>\r\n<\/td>\r\n<td><a href=\"https:\/\/www.kontrowersjewpediatrii.pl\/2023\/sklep\/?add-to-cart=2250\">Wybieram<\/a><\/td>\r\n<\/tr>\r\n<tr>\r\n<td class=\"has-text-align-left\" data-align=\"left\"><strong>Lekarze w trakcie specjalizacji<\/strong><\/td>\r\n<td>\r\n<p style=\"text-align: center;\"><span style=\"font-family: inherit; font-size: inherit;\">400 z\u0142 brutto<\/span><\/p>\r\n<\/td>\r\n<td>\r\n<p style=\"text-align: center;\"><span style=\"font-family: inherit; font-size: inherit;\">500 z\u0142 brutto\u00a0<\/span><\/p>\r\n<\/td>\r\n<td><a href=\"https:\/\/www.kontrowersjewpediatrii.pl\/2023\/sklep\/?add-to-cart=2251\">Wybieram<\/a><\/td>\r\n<\/tr>\r\n<tr>\r\n<td class=\"has-text-align-left\" data-align=\"left\">\r\n<p><strong>Warsztaty przedkonferencyjne**<\/strong><\/p>\r\n<\/td>\r\n<td style=\"text-align: center;\" colspan=\"2\">100 z\u0142 brutto<\/td>\r\n<td>\r\n<p><a href=\"https:\/\/www.kontrowersjewpediatrii.pl\/2023\/sklep\/?add-to-cart=2296\">Wybieram: nebulizacja<\/a><\/p>\r\n<\/td>\r\n<\/tr>\r\n<tr>\r\n<td class=\"has-text-align-left\" data-align=\"left\"><strong>Udzia\u0142 on-line<\/strong><\/td>\r\n<td style=\"text-align: center;\" colspan=\"2\">395 z\u0142 brutto<\/td>\r\n<td><a href=\"https:\/\/www.kontrowersjewpediatrii.pl\/2023\/sklep\/?add-to-cart=2268\">Wybieram<\/a><\/td>\r\n<\/tr>\r\n<\/tbody>\r\n<\/table>\r\n<\/figure>\r\n<figure class=\"wp-block-table is-style-stripes\">**Tylko dla zarejestrowanych uczestnik\u00f3w konferencji. Szczeg\u00f3\u0142y w zak\u0142adce <a href=\"https:\/\/www.kontrowersjewpediatrii.pl\/2023\/warsztaty\/\">Warsztaty<\/a><\/figure>\r\n<figure><\/figure>\r\n\r\n\r\n\r\n<p>&nbsp;<\/p>\r\n<p><span style=\"color: #000080;\"><strong>Rejestracja &#8211; przelew tradycyjny:<\/strong><\/span><\/p>\r\n<p><strong><span style=\"color: #ff0000;\">Uwaga!<\/span> Osoby chc\u0105ce zarejestrowa\u0107 si\u0119 i dokona\u0107 op\u0142aty tradycyjnym przelewem bankowym zapraszamy do skorzystania z formularza na stronie: <a href=\"https:\/\/www.kontrowersjewpediatrii.pl\/2023\/przelew-tradycyjny\/\">Przelew tradycyjny&lt;kliknij&gt;<\/a><\/strong><\/p>\r\n<p>&nbsp;<\/p>\r\n\r\n\r\n\r\n<p><strong>W ramach op\u0142aty za udzia\u0142 gwarantujemy:<\/strong><\/p>\r\n\r\n\r\n\r\n<ul>\r\n<li>Wst\u0119p na sesje naukowe<\/li>\r\n<li>Udzia\u0142 w wystawie medycznej<\/li>\r\n<li>30-dniowy dost\u0119p do retransmisji spotkania<\/li>\r\n<li>Teczk\u0119 z programem i skryptem konferencyjnym<\/li>\r\n<li>Identyfikator<\/li>\r\n<li>Certyfikat uczestnictwa<\/li>\r\n<li>Przerwy kawowe oraz obiadowe<\/li>\r\n<\/ul>\r\n<p><strong>W ramach op\u0142aty za udzia\u0142 on-line gwarantujemy:<\/strong><\/p>\r\n<p>\r\n\r\n<\/p>\r\n<ul>\r\n<li>Dost\u0119p do transmisji konferencji &#8220;na \u017cywo&#8221;<\/li>\r\n<li>30-dniowy dost\u0119p do retransmisji spotkania<\/li>\r\n<li>Udzia\u0142 w dyskusjach za pomoc\u0105 wirtualnego czatu lub opcji &#8220;Zadaj pytanie SMS&#8221;<\/li>\r\n<li>Materia\u0142y konferencyjne w wersji .pdf<\/li>\r\n<li>Certyfikat uczestnictwa<\/li>\r\n<\/ul>\r\n<p>&nbsp;<\/p>\r\n\r\n\r\n\r\n<p><span style=\"font-size: 6;\"><span style=\"font-size: 6;\"> <\/span><\/span><\/p>\r\n<p class=\"has-text-align-center has-very-light-gray-background-color has-background\"><strong>Warunki rezygnacji<\/strong><\/p>\r\n<p><span style=\"font-size: 6;\"><span style=\"font-size: 6;\">\r\n\r\n<\/span><\/span><\/p>\r\n<p><span style=\"color: #808080;\">Rezygnacja Uczestnika z udzia\u0142u w konferencji wymaga zachowania formy pisemnej drog\u0105 elektroniczn\u0105 na adres e-mail: biuro@medvisa.pl.<\/span><\/p>\r\n<p><span style=\"color: #808080;\"><span style=\"font-size: 6;\">\r\n\r\n<\/span><\/span><\/p>\r\n<p><span style=\"color: #808080;\">Koszty anulacji zg\u0142oszenia:<\/span><\/p>\r\n<p><span style=\"color: #808080;\"><span style=\"font-size: 6;\">\r\n\r\n<\/span><\/span><\/p>\r\n<ul>\r\n<li><span style=\"color: #808080;\">Rezygnacja do 1 stycznia 2023 roku gwarantuje pe\u0142en zwrot koszt\u00f3w uczestnictwa<\/span><\/li>\r\n<li><span style=\"color: #808080;\">Rezygnacja na po up\u0142ywie tego terminu &#8211; Uczestnik ponosi 100% koszt\u00f3w<\/span><\/li>\r\n<\/ul>\r\n<p><span style=\"color: #808080;\"><span style=\"font-size: 6;\">\r\n\r\n<\/span><\/span><\/p>\r\n<p><span style=\"color: #808080;\">W przypadku nieobecno\u015bci Uczestnika na konferencji bez wcze\u015bniejszej rezygnacji, b\u0105d\u017a rezygnacji z udzia\u0142u w konferencji w okresie kr\u00f3tszym od wskazanego powy\u017cej, uczestnikowi nie przys\u0142uguje prawo do zwrotu Op\u0142aty.<\/span><\/p>\r\n<p><span style=\"color: #808080;\"><span style=\"font-size: 6;\">\r\n\r\n<\/span><\/span><\/p>\r\n<p><span style=\"color: #808080;\">Organizator konferencji dopuszcza mo\u017cliwo\u015b\u0107 zmiany przez Uczestnika konferencji osoby wskazanej przez niego jako bior\u0105cej udzia\u0142 w konferencji, o czym Organizator powinien zosta\u0107 poinformowany najp\u00f3\u017aniej na dziesi\u0119\u0107 dni przed terminem konferencji.<\/span><\/p>\r\n<p><span style=\"font-size: 6;\"> <\/span><\/p>","protected":false},"excerpt":{"rendered":"<p>\u00a0 Rejestracja &#8211; p\u0142atno\u015b\u0107 elektroniczna: \u00a0 Wp\u0142ata przelewem Wp\u0142ata na miejscu \u00a0 Lekarze specjali\u015bci 495 z\u0142 brutto\u00a0 595 z\u0142 brutto\u00a0 Wybieram Lekarze w trakcie specjalizacji 400 z\u0142 brutto 500 z\u0142 brutto\u00a0 Wybieram Warsztaty przedkonferencyjne** 100 z\u0142 brutto Wybieram: nebulizacja Udzia\u0142 on-line 395 z\u0142 brutto Wybieram **Tylko dla zarejestrowanych uczestnik\u00f3w konferencji. Szczeg\u00f3\u0142y w zak\u0142adce Warsztaty &nbsp; [&hellip;]<\/p>\n","protected":false},"author":1,"featured_media":0,"parent":0,"menu_order":0,"comment_status":"closed","ping_status":"closed","template":"template_page.php","meta":[],"acf":[],"yoast_head":"<!-- This site is optimized with the Yoast SEO plugin v19.4 - https:\/\/yoast.com\/wordpress\/plugins\/seo\/ -->\n<title>Op\u0142aty i rejestracja | Kontrowersje w pediatrii<\/title>\n<meta name=\"description\" content=\"Najnowsze doniesienia naukowe i kontrowersyjne tematy - to wszystko podczas konferencji dla pediatr\u00f3w i specjalist\u00f3w medycyny rodzinnej w Krakowie\" \/>\n<meta name=\"robots\" content=\"index, follow, max-snippet:-1, max-image-preview:large, max-video-preview:-1\" \/>\n<link rel=\"canonical\" href=\"https:\/\/www.kontrowersjewpediatrii.pl\/2023\/rejestracja\/\" \/>\n<meta property=\"og:locale\" content=\"pl_PL\" \/>\n<meta property=\"og:type\" content=\"article\" \/>\n<meta property=\"og:title\" content=\"Op\u0142aty i rejestracja | Kontrowersje w pediatrii\" \/>\n<meta property=\"og:description\" content=\"Najnowsze doniesienia naukowe i kontrowersyjne tematy - to wszystko podczas konferencji dla pediatr\u00f3w i specjalist\u00f3w medycyny rodzinnej w Krakowie\" \/>\n<meta property=\"og:url\" content=\"https:\/\/www.kontrowersjewpediatrii.pl\/2023\/rejestracja\/\" \/>\n<meta property=\"og:site_name\" content=\"Kontrowersje w pediatrii\" \/>\n<meta property=\"article:modified_time\" content=\"2023-09-18T13:30:57+00:00\" \/>\n<meta name=\"twitter:card\" content=\"summary_large_image\" \/>\n<meta name=\"twitter:label1\" content=\"Szacowany czas czytania\" \/>\n\t<meta name=\"twitter:data1\" content=\"2 minuty\" \/>\n<script type=\"application\/ld+json\" class=\"yoast-schema-graph\">{\"@context\":\"https:\/\/schema.org\",\"@graph\":[{\"@type\":\"Organization\",\"@id\":\"https:\/\/www.kontrowersjewpediatrii.pl\/2023\/#organization\",\"name\":\"Kontrowersje w Pediatrii\",\"url\":\"https:\/\/www.kontrowersjewpediatrii.pl\/2023\/\",\"sameAs\":[],\"logo\":{\"@type\":\"ImageObject\",\"inLanguage\":\"pl-PL\",\"@id\":\"https:\/\/www.kontrowersjewpediatrii.pl\/2023\/#\/schema\/logo\/image\/\",\"url\":\"https:\/\/www.kontrowersjewpediatrii.pl\/wp-content\/uploads\/2022\/11\/cropped-Projekt-bez-tytulu.png\",\"contentUrl\":\"https:\/\/www.kontrowersjewpediatrii.pl\/wp-content\/uploads\/2022\/11\/cropped-Projekt-bez-tytulu.png\",\"width\":512,\"height\":512,\"caption\":\"Kontrowersje w Pediatrii\"},\"image\":{\"@id\":\"https:\/\/www.kontrowersjewpediatrii.pl\/2023\/#\/schema\/logo\/image\/\"}},{\"@type\":\"WebSite\",\"@id\":\"https:\/\/www.kontrowersjewpediatrii.pl\/2023\/#website\",\"url\":\"https:\/\/www.kontrowersjewpediatrii.pl\/2023\/\",\"name\":\"Kontrowersje w pediatrii\",\"description\":\"XVI Konferencja dla Pediatr\u00f3w\",\"publisher\":{\"@id\":\"https:\/\/www.kontrowersjewpediatrii.pl\/2023\/#organization\"},\"potentialAction\":[{\"@type\":\"SearchAction\",\"target\":{\"@type\":\"EntryPoint\",\"urlTemplate\":\"https:\/\/www.kontrowersjewpediatrii.pl\/2023\/?s={search_term_string}\"},\"query-input\":\"required name=search_term_string\"}],\"inLanguage\":\"pl-PL\"},{\"@type\":\"WebPage\",\"@id\":\"https:\/\/www.kontrowersjewpediatrii.pl\/2023\/rejestracja\/\",\"url\":\"https:\/\/www.kontrowersjewpediatrii.pl\/2023\/rejestracja\/\",\"name\":\"Op\u0142aty i rejestracja | Kontrowersje w pediatrii\",\"isPartOf\":{\"@id\":\"https:\/\/www.kontrowersjewpediatrii.pl\/2023\/#website\"},\"datePublished\":\"2018-11-14T08:54:44+00:00\",\"dateModified\":\"2023-09-18T13:30:57+00:00\",\"description\":\"Najnowsze doniesienia naukowe i kontrowersyjne tematy - to wszystko podczas konferencji dla pediatr\u00f3w i specjalist\u00f3w medycyny rodzinnej w Krakowie\",\"breadcrumb\":{\"@id\":\"https:\/\/www.kontrowersjewpediatrii.pl\/2023\/rejestracja\/#breadcrumb\"},\"inLanguage\":\"pl-PL\",\"potentialAction\":[{\"@type\":\"ReadAction\",\"target\":[\"https:\/\/www.kontrowersjewpediatrii.pl\/2023\/rejestracja\/\"]}]},{\"@type\":\"BreadcrumbList\",\"@id\":\"https:\/\/www.kontrowersjewpediatrii.pl\/2023\/rejestracja\/#breadcrumb\",\"itemListElement\":[{\"@type\":\"ListItem\",\"position\":1,\"name\":\"Strona g\u0142\u00f3wna\",\"item\":\"https:\/\/www.kontrowersjewpediatrii.pl\/2023\/\"},{\"@type\":\"ListItem\",\"position\":2,\"name\":\"Op\u0142aty i rejestracja\"}]}]}<\/script>\n<!-- \/ Yoast SEO plugin. -->","yoast_head_json":{"title":"Op\u0142aty i rejestracja | Kontrowersje w pediatrii","description":"Najnowsze doniesienia naukowe i kontrowersyjne tematy - to wszystko podczas konferencji dla pediatr\u00f3w i specjalist\u00f3w medycyny rodzinnej w Krakowie","robots":{"index":"index","follow":"follow","max-snippet":"max-snippet:-1","max-image-preview":"max-image-preview:large","max-video-preview":"max-video-preview:-1"},"canonical":"https:\/\/www.kontrowersjewpediatrii.pl\/2023\/rejestracja\/","og_locale":"pl_PL","og_type":"article","og_title":"Op\u0142aty i rejestracja | Kontrowersje w pediatrii","og_description":"Najnowsze doniesienia naukowe i kontrowersyjne tematy - to wszystko podczas konferencji dla pediatr\u00f3w i specjalist\u00f3w medycyny rodzinnej w Krakowie","og_url":"https:\/\/www.kontrowersjewpediatrii.pl\/2023\/rejestracja\/","og_site_name":"Kontrowersje w pediatrii","article_modified_time":"2023-09-18T13:30:57+00:00","twitter_card":"summary_large_image","twitter_misc":{"Szacowany czas czytania":"2 minuty"},"schema":{"@context":"https:\/\/schema.org","@graph":[{"@type":"Organization","@id":"https:\/\/www.kontrowersjewpediatrii.pl\/2023\/#organization","name":"Kontrowersje w Pediatrii","url":"https:\/\/www.kontrowersjewpediatrii.pl\/2023\/","sameAs":[],"logo":{"@type":"ImageObject","inLanguage":"pl-PL","@id":"https:\/\/www.kontrowersjewpediatrii.pl\/2023\/#\/schema\/logo\/image\/","url":"https:\/\/www.kontrowersjewpediatrii.pl\/wp-content\/uploads\/2022\/11\/cropped-Projekt-bez-tytulu.png","contentUrl":"https:\/\/www.kontrowersjewpediatrii.pl\/wp-content\/uploads\/2022\/11\/cropped-Projekt-bez-tytulu.png","width":512,"height":512,"caption":"Kontrowersje w Pediatrii"},"image":{"@id":"https:\/\/www.kontrowersjewpediatrii.pl\/2023\/#\/schema\/logo\/image\/"}},{"@type":"WebSite","@id":"https:\/\/www.kontrowersjewpediatrii.pl\/2023\/#website","url":"https:\/\/www.kontrowersjewpediatrii.pl\/2023\/","name":"Kontrowersje w pediatrii","description":"XVI Konferencja dla Pediatr\u00f3w","publisher":{"@id":"https:\/\/www.kontrowersjewpediatrii.pl\/2023\/#organization"},"potentialAction":[{"@type":"SearchAction","target":{"@type":"EntryPoint","urlTemplate":"https:\/\/www.kontrowersjewpediatrii.pl\/2023\/?s={search_term_string}"},"query-input":"required name=search_term_string"}],"inLanguage":"pl-PL"},{"@type":"WebPage","@id":"https:\/\/www.kontrowersjewpediatrii.pl\/2023\/rejestracja\/","url":"https:\/\/www.kontrowersjewpediatrii.pl\/2023\/rejestracja\/","name":"Op\u0142aty i rejestracja | Kontrowersje w pediatrii","isPartOf":{"@id":"https:\/\/www.kontrowersjewpediatrii.pl\/2023\/#website"},"datePublished":"2018-11-14T08:54:44+00:00","dateModified":"2023-09-18T13:30:57+00:00","description":"Najnowsze doniesienia naukowe i kontrowersyjne tematy - to wszystko podczas konferencji dla pediatr\u00f3w i specjalist\u00f3w medycyny rodzinnej w Krakowie","breadcrumb":{"@id":"https:\/\/www.kontrowersjewpediatrii.pl\/2023\/rejestracja\/#breadcrumb"},"inLanguage":"pl-PL","potentialAction":[{"@type":"ReadAction","target":["https:\/\/www.kontrowersjewpediatrii.pl\/2023\/rejestracja\/"]}]},{"@type":"BreadcrumbList","@id":"https:\/\/www.kontrowersjewpediatrii.pl\/2023\/rejestracja\/#breadcrumb","itemListElement":[{"@type":"ListItem","position":1,"name":"Strona g\u0142\u00f3wna","item":"https:\/\/www.kontrowersjewpediatrii.pl\/2023\/"},{"@type":"ListItem","position":2,"name":"Op\u0142aty i rejestracja"}]}]}},"_links":{"self":[{"href":"https:\/\/www.kontrowersjewpediatrii.pl\/2023\/wp-json\/wp\/v2\/pages\/45"}],"collection":[{"href":"https:\/\/www.kontrowersjewpediatrii.pl\/2023\/wp-json\/wp\/v2\/pages"}],"about":[{"href":"https:\/\/www.kontrowersjewpediatrii.pl\/2023\/wp-json\/wp\/v2\/types\/page"}],"author":[{"embeddable":true,"href":"https:\/\/www.kontrowersjewpediatrii.pl\/2023\/wp-json\/wp\/v2\/users\/1"}],"replies":[{"embeddable":true,"href":"https:\/\/www.kontrowersjewpediatrii.pl\/2023\/wp-json\/wp\/v2\/comments?post=45"}],"version-history":[{"count":131,"href":"https:\/\/www.kontrowersjewpediatrii.pl\/2023\/wp-json\/wp\/v2\/pages\/45\/revisions"}],"predecessor-version":[{"id":3314,"href":"https:\/\/www.kontrowersjewpediatrii.pl\/2023\/wp-json\/wp\/v2\/pages\/45\/revisions\/3314"}],"wp:attachment":[{"href":"https:\/\/www.kontrowersjewpediatrii.pl\/2023\/wp-json\/wp\/v2\/media?parent=45"}],"curies":[{"name":"wp","href":"https:\/\/api.w.org\/{rel}","templated":true}]}}