{"id":918,"date":"2021-01-13T13:40:06","date_gmt":"2021-01-13T12:40:06","guid":{"rendered":"https:\/\/www.kontrowersjewpediatrii.pl\/2023\/?page_id=918"},"modified":"2022-01-11T13:02:18","modified_gmt":"2022-01-11T12:02:18","slug":"regulamin","status":"publish","type":"page","link":"https:\/\/www.kontrowersjewpediatrii.pl\/2023\/regulamin\/","title":{"rendered":"Regulamin"},"content":{"rendered":"\r\n<p>Regulamin konferencji organizowanych przez firm\u0119 Medvisa<\/p>\r\n\r\n\r\n\r\n<p>POSTANOWIENIA OG\u00d3LNE<\/p>\r\n\r\n\r\n\r\n<ol>\r\n<li>Niniejszy Regulamin okre\u015bla zasady i warunki uczestnictwa w konferencjach i szkoleniach online organizowanych przed firm\u0119 Medvisa S\u0142awomir Poziomek (dalej \u201eKonferencja\u201d).<\/li>\r\n<li>Regulamin wraz z Polityk\u0105 Prywatno\u015bci udost\u0119pniony jest nieodp\u0142atnie na stronie internetowej Konferencji w spos\u00f3b umo\u017cliwiaj\u0105cy bezp\u0142atne zapoznanie si\u0119 z jego tre\u015bci\u0105, jego pozyskanie, odtwarzanie i utrwalenie.<\/li>\r\n<li>Organizatorem Konferencji jest Medvisa S\u0142awomir Poziomek z siedzib\u0105 w Poznaniu, Os. Stefana Batorego 31c\/54, 60-687 Pozna\u0144, NIP: 5591819259, REGON: 302822441 (dalej \u201eOrganizator\u201d).<\/li>\r\n<li>Konferencja odbywa si\u0119 w terminie, miejscu oraz formie wskazanej przez Organizatora. Organizator zastrzega sobie prawo do zmiany w\u0142a\u015bciwo\u015bci Konferencji do dnia jej rozpocz\u0119cia.<\/li>\r\n<li>W ramach Konferencji mog\u0105 odbywa\u0107 si\u0119 sesje naukowo-dydaktyczne, edukacyjne oraz wystawa przedsi\u0119biorstw bran\u017c farmaceutycznej i sprz\u0119towej. Dok\u0142adny plan Konferencji dost\u0119pny jest na stronie internetowej.<\/li>\r\n<li>Ka\u017cdy Uczestnik, bior\u0105cy udzia\u0142 w Konferencji otrzyma certyfikat potwierdzaj\u0105cy uczestnictwo.<\/li>\r\n<li>Za udzia\u0142 w Konferencji Uczestnik otrzyma punkty edukacyjne, zgodnie z zasadami ustalonymi przez Okr\u0119gow\u0105 Izb\u0119 Lekarsk\u0105, o ile Okr\u0119gowa Izba Lekarska przewidzia\u0142a tak\u0105 mo\u017cliwo\u015b\u0107.<\/li>\r\n<li>Kontakt:<br \/>Medvisa Healthcare Solutions, ul. Fredry 7\/10, 61-701 Pozna\u0144, e-mail: biuro@medvisa.pl<\/li>\r\n<\/ol>\r\n\r\n\r\n\r\n<p>WARUNKI UCZESTNICTWA W KONFERENCJI<\/p>\r\n\r\n\r\n\r\n<ol>\r\n<li>Us\u0142ugobiorc\u0105 us\u0142ug \u015bwiadczonych przez Organizatora mo\u017ce by\u0107 wy\u0142\u0105cznie pe\u0142noletnia osoba fizyczna, o pe\u0142nej zdolno\u015bci do czynno\u015bci prawnych, b\u0119d\u0105c\u0105: lekarzem specjalist\u0105, lekarzem Podstawowej Opieki Zdrowotnej, osob\u0105 uprawnion\u0105 do wystawiania recept lub osob\u0105 prowadz\u0105c\u0105 obr\u00f3t produktami leczniczymi oraz inne osoby zwi\u0105zane zawodowo z tematyk\u0105 Konferencji oraz przedstawiciele sponsor\u00f3w (dalej \u201eUczestnik\u201d).<\/li>\r\n<li>Udzia\u0142 w Konferencji jest dobrowolny i wymaga rejestracji.<\/li>\r\n<li>Warunkiem udzia\u0142u w Konferencji jest wype\u0142nienie i przes\u0142anie formularza rejestracyjnego dost\u0119pnego na stronie wydarzenia oraz, je\u015bli udzia\u0142 w Konferencji jest p\u0142atny, uiszczenie op\u0142aty za udzia\u0142 w wysoko\u015bci i terminie oraz w spos\u00f3b wskazany przez Organizatora.<\/li>\r\n<li>Udzia\u0142 w Konferencji stacjonarnej mo\u017cliwy jest wy\u0142\u0105cznie po dobrowolnym okazaniu certyfikatu potwierdzaj\u0105cego pe\u0142ne szczepienie przeciwko wirusowi SARS-COV-2 preparatem dopuszczonym na terenie Unii Europejskiej. Nieokazanie za\u015bwiadczenia mo\u017ce skutkowa\u0107 odmow\u0105 wej\u015bcia na miejsce Konferencji.<\/li>\r\n<li>Jedna rejestracja umo\u017cliwia udzia\u0142 w Konferencji tylko jednej osobie.<\/li>\r\n<li>Organizator nie ponosi odpowiedzialno\u015bci za podanie b\u0142\u0119dnych lub nieprawdziwych danych przez Uczestnika podczas rejestracji uczestnictwa w Konferencji.<\/li>\r\n<li>Organizator dopuszcza mo\u017cliwo\u015b\u0107 dokonywania zg\u0142oszenia przez osob\u0119 fizyczn\u0105 dzia\u0142aj\u0105c\u0105 w imieniu i na rzecz innych os\u00f3b. W takiej sytuacji Zg\u0142aszaj\u0105cy zobowi\u0105zany jest przekaza\u0107 wszelkie szczeg\u00f3\u0142y i zasady Konferencji oraz tre\u015b\u0107 niniejszego Regulaminu Uczestnikowi.<\/li>\r\n<li>Dokonuj\u0105c zg\u0142oszenia Uczestnika Zg\u0142aszaj\u0105cy o\u015bwiadcza, \u017ce dzia\u0142a za wiedz\u0105 i zgod\u0105 danej osoby.<\/li>\r\n<li>Zg\u0142aszaj\u0105cy podejmuj\u0105c czynno\u015bci w celu dokonania Zg\u0142oszenia potwierdza, \u017ce dane zg\u0142aszanego Uczestnika s\u0105 prawdziwe, a osoba zg\u0142aszana do wzi\u0119cia udzia\u0142u w Konferencji wyrazi\u0142a zgod\u0119 na dokonanie Zg\u0142oszenia z uwzgl\u0119dnieniem jej danych osobowych.<\/li>\r\n<li>Uczestnik zg\u0142oszony przez inn\u0105 osob\u0119 nie jest zwolniony z przestrzegania Regulaminu.<\/li>\r\n<li>Ilo\u015b\u0107 miejsc na Konferencji jest ograniczona. O kolejno\u015bci zg\u0142oszenia decyduje data kompletnej rejestracji.<\/li>\r\n<li>Organizator zastrzega sobie prawo do zamkni\u0119cia listy uczestnik\u00f3w oraz nieprzyjmowania nowych zg\u0142osze\u0144.<\/li>\r\n<li>W przypadku zg\u0142oszenia udzia\u0142u w Konferencji w terminie kr\u00f3tszym ni\u017c na dwa dni robocze przed jego rozpocz\u0119ciem, warunkiem udzia\u0142u w Konferencji jest okazanie przez Uczestnika dowodu uiszczenia op\u0142aty za udzia\u0142 w Konferencji osobie upowa\u017cnionej przez Organizatora.<\/li>\r\n<li>Poprzez wys\u0142anie zg\u0142oszenia udzia\u0142u w Konferencji potwierdzenie przyj\u0119cia tego zg\u0142oszenia przez Organizatora, pomi\u0119dzy Organizatorem i Uczestnikiem zawierana jest umowa, kt\u00f3rej integraln\u0105 cz\u0119\u015bci\u0105 jest niniejszy Regulamin.<\/li>\r\n<\/ol>\r\n\r\n\r\n\r\n<p>KOSZTY KONFERENCJI<br \/>\u00a71<\/p>\r\n\r\n\r\n\r\n<ol>\r\n<li>W zale\u017cno\u015bci od Konferencji udzia\u0142 mo\u017ce by\u0107 p\u0142atny lub bezp\u0142atny.<\/li>\r\n<li>Informacja o kosztach udzia\u0142u (lub ich braku) w Konferencji znajduje si\u0119 na stronie internetowej, za po\u015brednictwem kt\u00f3rej mo\u017cna zam\u00f3wi\u0107 udzia\u0142 w Konferencji.<\/li>\r\n<\/ol>\r\n\r\n\r\n\r\n<p>\u00a72<br \/>Dla Konferencji p\u0142atnych<\/p>\r\n\r\n\r\n\r\n<ol>\r\n<li>Koszt udzia\u0142u w Konferencji zale\u017cny jest od wybranego wariantu i mo\u017ce r\u00f3\u017cni\u0107 si\u0119 dla poszczeg\u00f3lnych Uczestnik\u00f3w.<\/li>\r\n<li>Udzia\u0142 w Konferencji jest uzale\u017cniony od terminowego wniesienia op\u0142aty z tego tytu\u0142u.<\/li>\r\n<li>Za moment wp\u0142aty traktowany jest moment uznania przelewu na koncie Organizatora. Op\u00f3\u017anienie w p\u0142atno\u015bci za uczestnictwo upowa\u017cnia Organizatora do anulowania zg\u0142oszenia udzia\u0142u Uczestnika w Konferencji.<\/li>\r\n<li>Faktura wystawiana jest przez Organizatora po zaksi\u0119gowaniu p\u0142atno\u015bci za udzia\u0142 w Konferencji.<\/li>\r\n<li>Uczestnik w momencie zg\u0142oszenia zobowi\u0105zany jest przekaza\u0107 kompletne dane do faktury, w przypadku braku tej informacji faktura wystawiona jest dla osoby prywatnej.<\/li>\r\n<li>Koszt udzia\u0142u w Konferencji, ewentualnego pobytu i przejazdu Uczestnik pokrywa we w\u0142asnym zakresie.<\/li>\r\n<li>W przypadku odwo\u0142ania Konferencji przez Organizatora z przyczyn niedotycz\u0105cych Uczestnika, Organizator zwr\u00f3ci Uczestnikowi w terminie 14 dni na wskazane Konto wszelkie op\u0142aty poniesione przez Uczestnika na rzecz Organizatora. W przypadku braku wskazania konta, Organizator zwr\u00f3ci w\/w koszty na rachunek z kt\u00f3rego otrzyma\u0142 wp\u0142at\u0119 od Uczestnika.<\/li>\r\n<\/ol>\r\n\r\n\r\n\r\n<p>DANE OSOBOWE<\/p>\r\n\r\n\r\n\r\n<ol>\r\n<li>Organizator przetwarza dane osobowe Uczestnik\u00f3w na zasadach oraz w spos\u00f3b okre\u015blony w Polityce Prywatno\u015bci.<\/li>\r\n<li>Uczestnik powinien aktualizowa\u0107 dane w miar\u0119 konieczno\u015bci. Organizator nie ponosi odpowiedzialno\u015bci za skutki pos\u0142ugiwania si\u0119 przez Uczestnika nieaktualnymi danymi.<\/li>\r\n<\/ol>\r\n\r\n\r\n\r\n<p>ODPOWIEDZIALNO\u015a\u0106 I ZOBOWI\u0104ZANIE<\/p>\r\n\r\n\r\n\r\n<ol>\r\n<li>Organizator zobowi\u0105zuje si\u0119 do zapewnienia jak najwy\u017cszej jako\u015bci \u015bwiadczonych przez siebie us\u0142ug.<\/li>\r\n<li>Organizator nie ponosi odpowiedzialno\u015bci za niemo\u017cno\u015b\u0107 wzi\u0119cia udzia\u0142u w Konferencji, je\u015bli jest ona spowodowana przyczynami le\u017c\u0105cymi po stronie Uczestnika.<\/li>\r\n<li>Poprzez rejestracj\u0119 i udzia\u0142 w Konferencji ka\u017cdy Uczestnik zobowi\u0105zuje si\u0119 do:<br \/>\u2022 przestrzegania porz\u0105dku prawnego, w szczeg\u00f3lno\u015bci przepis\u00f3w o ochronie danych osobowych i dobrach osobistych innych os\u00f3b, zasad wsp\u00f3\u0142\u017cycia spo\u0142ecznego oraz korzystaniem z us\u0142ug z poszanowaniem praw innych Uczestnik\u00f3w oraz os\u00f3b trzecich,<br \/>\u2022 przestrzegania zasad niniejszego Regulaminu,<br \/>\u2022 u\u017cywania udost\u0119pnionych us\u0142ug i narz\u0119dzi dost\u0119pnych na stronie Konferencji w spos\u00f3b zgodny z ich przeznaczeniem, w szczeg\u00f3lno\u015bci nie powoduj\u0105c nadmiernego utrudnienia w korzystaniu z us\u0142ug przez innych Uczestnik\u00f3w,<br \/>\u2022 poszanowania polskiego prawa, zasad etykiety oraz d\u00f3br osobistych innych Uczestnik\u00f3w,<br \/>\u2022 stosowania technik i urz\u0105dze\u0144 nie zak\u0142\u00f3caj\u0105cych prac infrastruktury informatycznej,<br \/>\u2022 nie podejmowania innych dzia\u0142a\u0144 niezgodnych z przeznaczeniem Konferencji,<br \/>\u2022 nie rozpowszechniania na stronie Konferencji tre\u015bci o charakterze reklamowym, politycznym, sprzecznym z prawem i dobrymi obyczajami, poza miejscami przeznaczonymi do tego rodzaju dzia\u0142alno\u015bci,<br \/>\u2022 terminowego i zgodnego z okre\u015blonymi zasadami wype\u0142niania w\u0142asnych zobowi\u0105za\u0144 zwi\u0105zanych z korzystaniem z us\u0142ug \u015bwiadczonych przez Organizatora,<br \/>\u2022 nie dostarczania \u017cadnych tre\u015bci o charakterze bezprawnym naruszaj\u0105cych dobra os\u00f3b trzecich, og\u00f3lnie przyj\u0119te normy spo\u0142eczne.<\/li>\r\n<\/ol>\r\n\r\n\r\n\r\n<p>OSTRZE\u017bENIE<\/p>\r\n\r\n\r\n\r\n<ol>\r\n<li>Tre\u015bci i us\u0142ugi rozpowszechniane za pomoc\u0105 portalu stanowi\u0105 wy\u0142\u0105cznie warto\u015b\u0107 edukacyjn\u0105. Nie mog\u0105 s\u0142u\u017cy\u0107 diagnozie i terapii pacjenta, nie zast\u0119puj\u0105 us\u0142ug o charakterze medycznym. Us\u0142ugodawca nie ponosi odpowiedzialno\u015bci za skutki zastosowania si\u0119 do tre\u015bci rozpowszechnianych w Portalu, w szczeg\u00f3lno\u015bci nie bierze odpowiedzialno\u015bci za skutki zastosowanych procedur, u\u017cytych \u015brodk\u00f3w medycznych, farmaceutyk\u00f3w, itp.<\/li>\r\n<\/ol>\r\n\r\n\r\n\r\n<p>PRAWA AUTORSKIE<\/p>\r\n\r\n\r\n\r\n<ol>\r\n<li>Wszelkie utwory rozpowszechnione w ramach Konferencji stanowi\u0105 przedmiot praw autorskich Organizatora, podmiot\u00f3w wsp\u00f3\u0142pracuj\u0105cych z Organizatorem b\u0105d\u017a os\u00f3b trzecich i podlegaj\u0105 ochronie przewidzianej przepisami ustawy o prawie autorskim i prawach pochodnych.<\/li>\r\n<li>Uczestnik mo\u017ce korzysta\u0107 z rozpowszechnionych utwor\u00f3w wy\u0142\u0105cznie w spos\u00f3b zgodny z ich przeznaczeniem.<\/li>\r\n<li>Kopiowanie, t\u0142umaczenie, opracowanie, rozpowszechnianie w jakiejkolwiek formie b\u0105d\u017a przetwarzanie rozpowszechnionych mo\u017cliwe jest wy\u0142\u0105cznie na warunkach okre\u015blonych przepisami prawa b\u0105d\u017a po uzyskaniu pisemnej zgody Organizatora lub innej osoby, kt\u00f3rej przys\u0142uguj\u0105 autorskie prawa maj\u0105tkowe do utwor\u00f3w.<\/li>\r\n<\/ol>\r\n\r\n\r\n\r\n<p>REZYGNACJE I REKLAMACJE<br \/>\u00a71<\/p>\r\n\r\n\r\n\r\n<ol>\r\n<li>Rezygnacja Uczestnika z udzia\u0142u w Konferencji wymaga zachowania formy pisemnej drog\u0105 elektroniczn\u0105 na adres e-mail: biuro@medvisa.pl.<\/li>\r\n<li>Warunki zwrotu koszt\u00f3w udzia\u0142u okre\u015blone s\u0105 na stronie internetowej Konferencji.<\/li>\r\n<li>Zwrot op\u0142aty za udzia\u0142 w Konferencji odbywa si\u0119 w ci\u0105gu 14 dni od zg\u0142oszenia rezygnacji na rachunek bankowy, z kt\u00f3rego pochodzi wp\u0142ata.<\/li>\r\n<li>W przypadku nieobecno\u015bci Uczestnika na Konferencji bez wcze\u015bniejszej rezygnacji, b\u0105d\u017a rezygnacji z udzia\u0142u w okresie kr\u00f3tszym od wskazanego terminu, uczestnikowi nie przys\u0142uguje prawo do zwrotu op\u0142aty.<br \/>\u00a72<\/li>\r\n<li>Organizator Konferencji dopuszcza mo\u017cliwo\u015b\u0107 zmiany przez Uczestnika Wydarzenia osoby wskazanej przez niego jako bior\u0105cej udzia\u0142 w Konferencji, o czym powinien zosta\u0107 poinformowany pisemnie najp\u00f3\u017aniej na dziesi\u0119\u0107 dni przed terminem Konferencji.<br \/>\u00a73<\/li>\r\n<li>Uczestnik ma prawo z\u0142o\u017cy\u0107 reklamacj\u0119 na przebieg Konferencji.<\/li>\r\n<li>Reklamacje nale\u017cy zg\u0142asza\u0107 mailowo pod adres biuro@medvisa.pl.<\/li>\r\n<li>Uczestnik mo\u017ce zg\u0142asza\u0107 reklamacje w terminie nie d\u0142u\u017cszym ni\u017c 7 dni po zako\u0144czeniu Konferencji. Organizator zastrzega sobie prawo do pozostawienia bez rozpatrzenia sp\u00f3\u017anionej reklamacji.<\/li>\r\n<\/ol>\r\n\r\n\r\n\r\n<p>POSTANOWIENIA KO\u0143COWE<br \/>\u00a71<\/p>\r\n\r\n\r\n\r\n<ol>\r\n<li>Us\u0142ugodawca zastrzega sobie prawo do zmiany Regulaminu i Polityki Prywatno\u015bci.<\/li>\r\n<li>Zmiana mo\u017cliwa jest za zgod\u0105 Uczestnika, je\u015bli zmiana taka wynika\u0107 b\u0119dzie ze zmiany przepis\u00f3w obowi\u0105zuj\u0105cego prawa.<\/li>\r\n<li>O proponowanej zmianie Organizator powiadomi zarejestrowanych Uczestnik\u00f3w co najmniej na 7 dni przed wej\u015bciem jej w \u017cycie. Uczestnik nie wyra\u017caj\u0105cy zgody na zmian\u0119 Regulaminu lub Polityki Prywatno\u015bci powinien wys\u0142a\u0107 sw\u00f3j sprzeciw na adres e-mail: biuro@medvisa.pl do dnia wej\u015bcia w \u017cycie przedmiotowej zmiany.<\/li>\r\n<li>Brak pisemnej informacji o nieakceptacji zmiany Regulaminu lub Polityki Prywatno\u015bci przes\u0142anej do Organizatora w terminie 14 dni od dnia jej wys\u0142ania do Uczestnika oznacza akceptacj\u0119 wprowadzonych zmian w Regulaminie lub Polityce Prywatno\u015bci przez Uczestnika.<br \/>\u00a72<\/li>\r\n<li>Niniejszy Regulamin wchodzi w \u017cycie z dniem 1.12.2020 r.<\/li>\r\n<li>Akceptacja niniejszego Regulaminu jest r\u00f3wnoznaczna z o\u015bwiadczeniem o spe\u0142nianiu Warunk\u00f3w udzia\u0142u w Konferencji.<\/li>\r\n<li>Dokonuj\u0105c rejestracji Uczestnik wyra\u017ca zgod\u0119 na tre\u015b\u0107 Regulaminu bez konieczno\u015bci sporz\u0105dzenia odr\u0119bnej umowy.<\/li>\r\n<li>W sprawach nieuregulowanych niniejszym Regulaminem stosuje si\u0119 przepisy Kodeksu cywilnego oraz Ustawy o \u015bwiadczeniu us\u0142ug drog\u0105 elektroniczn\u0105.<\/li>\r\n<li>W\u0142a\u015bciwym do rozstrzygania spor\u00f3w wynikaj\u0105cych z niniejszego Regulaminu jest s\u0105d powszechny w\u0142a\u015bciwy miejscowo zgodnie z przepisami powszechnie obowi\u0105zuj\u0105cego prawa.<\/li>\r\n<\/ol>\r\n","protected":false},"excerpt":{"rendered":"<p>Regulamin konferencji organizowanych przez firm\u0119 Medvisa POSTANOWIENIA OG\u00d3LNE Niniejszy Regulamin okre\u015bla zasady i warunki uczestnictwa w konferencjach i szkoleniach online organizowanych przed firm\u0119 Medvisa S\u0142awomir Poziomek (dalej \u201eKonferencja\u201d). Regulamin wraz z Polityk\u0105 Prywatno\u015bci udost\u0119pniony jest nieodp\u0142atnie na stronie internetowej Konferencji w spos\u00f3b umo\u017cliwiaj\u0105cy bezp\u0142atne zapoznanie si\u0119 z jego tre\u015bci\u0105, jego pozyskanie, odtwarzanie i utrwalenie. Organizatorem [&hellip;]<\/p>\n","protected":false},"author":1,"featured_media":0,"parent":0,"menu_order":0,"comment_status":"closed","ping_status":"closed","template":"","meta":[],"acf":[],"yoast_head":"<!-- This site is optimized with the Yoast SEO plugin v19.4 - https:\/\/yoast.com\/wordpress\/plugins\/seo\/ -->\n<title>Regulamin | Kontrowersje w pediatrii<\/title>\n<meta name=\"description\" content=\"Najnowsze doniesienia naukowe i kontrowersyjne tematy - to wszystko podczas konferencji dla pediatr\u00f3w i specjalist\u00f3w medycyny rodzinnej w Krakowie\" \/>\n<meta name=\"robots\" content=\"index, follow, max-snippet:-1, max-image-preview:large, max-video-preview:-1\" \/>\n<link rel=\"canonical\" href=\"https:\/\/www.kontrowersjewpediatrii.pl\/2023\/regulamin\/\" \/>\n<meta property=\"og:locale\" content=\"pl_PL\" \/>\n<meta property=\"og:type\" content=\"article\" \/>\n<meta property=\"og:title\" content=\"Regulamin | Kontrowersje w pediatrii\" \/>\n<meta property=\"og:description\" content=\"Najnowsze doniesienia naukowe i kontrowersyjne tematy - to wszystko podczas konferencji dla pediatr\u00f3w i specjalist\u00f3w medycyny rodzinnej w Krakowie\" \/>\n<meta property=\"og:url\" content=\"https:\/\/www.kontrowersjewpediatrii.pl\/2023\/regulamin\/\" \/>\n<meta property=\"og:site_name\" content=\"Kontrowersje w pediatrii\" \/>\n<meta property=\"article:modified_time\" content=\"2022-01-11T12:02:18+00:00\" \/>\n<meta name=\"twitter:card\" content=\"summary_large_image\" \/>\n<meta name=\"twitter:label1\" content=\"Szacowany czas czytania\" \/>\n\t<meta name=\"twitter:data1\" content=\"7 minut\" \/>\n<script type=\"application\/ld+json\" class=\"yoast-schema-graph\">{\"@context\":\"https:\/\/schema.org\",\"@graph\":[{\"@type\":\"Organization\",\"@id\":\"https:\/\/www.kontrowersjewpediatrii.pl\/2023\/#organization\",\"name\":\"Kontrowersje w Pediatrii\",\"url\":\"https:\/\/www.kontrowersjewpediatrii.pl\/2023\/\",\"sameAs\":[],\"logo\":{\"@type\":\"ImageObject\",\"inLanguage\":\"pl-PL\",\"@id\":\"https:\/\/www.kontrowersjewpediatrii.pl\/2023\/#\/schema\/logo\/image\/\",\"url\":\"https:\/\/www.kontrowersjewpediatrii.pl\/wp-content\/uploads\/2022\/11\/cropped-Projekt-bez-tytulu.png\",\"contentUrl\":\"https:\/\/www.kontrowersjewpediatrii.pl\/wp-content\/uploads\/2022\/11\/cropped-Projekt-bez-tytulu.png\",\"width\":512,\"height\":512,\"caption\":\"Kontrowersje w Pediatrii\"},\"image\":{\"@id\":\"https:\/\/www.kontrowersjewpediatrii.pl\/2023\/#\/schema\/logo\/image\/\"}},{\"@type\":\"WebSite\",\"@id\":\"https:\/\/www.kontrowersjewpediatrii.pl\/2023\/#website\",\"url\":\"https:\/\/www.kontrowersjewpediatrii.pl\/2023\/\",\"name\":\"Kontrowersje w pediatrii\",\"description\":\"XVI Konferencja dla Pediatr\u00f3w\",\"publisher\":{\"@id\":\"https:\/\/www.kontrowersjewpediatrii.pl\/2023\/#organization\"},\"potentialAction\":[{\"@type\":\"SearchAction\",\"target\":{\"@type\":\"EntryPoint\",\"urlTemplate\":\"https:\/\/www.kontrowersjewpediatrii.pl\/2023\/?s={search_term_string}\"},\"query-input\":\"required name=search_term_string\"}],\"inLanguage\":\"pl-PL\"},{\"@type\":\"WebPage\",\"@id\":\"https:\/\/www.kontrowersjewpediatrii.pl\/2023\/regulamin\/\",\"url\":\"https:\/\/www.kontrowersjewpediatrii.pl\/2023\/regulamin\/\",\"name\":\"Regulamin | Kontrowersje w pediatrii\",\"isPartOf\":{\"@id\":\"https:\/\/www.kontrowersjewpediatrii.pl\/2023\/#website\"},\"datePublished\":\"2021-01-13T12:40:06+00:00\",\"dateModified\":\"2022-01-11T12:02:18+00:00\",\"description\":\"Najnowsze doniesienia naukowe i kontrowersyjne tematy - to wszystko podczas konferencji dla pediatr\u00f3w i specjalist\u00f3w medycyny rodzinnej w Krakowie\",\"breadcrumb\":{\"@id\":\"https:\/\/www.kontrowersjewpediatrii.pl\/2023\/regulamin\/#breadcrumb\"},\"inLanguage\":\"pl-PL\",\"potentialAction\":[{\"@type\":\"ReadAction\",\"target\":[\"https:\/\/www.kontrowersjewpediatrii.pl\/2023\/regulamin\/\"]}]},{\"@type\":\"BreadcrumbList\",\"@id\":\"https:\/\/www.kontrowersjewpediatrii.pl\/2023\/regulamin\/#breadcrumb\",\"itemListElement\":[{\"@type\":\"ListItem\",\"position\":1,\"name\":\"Strona g\u0142\u00f3wna\",\"item\":\"https:\/\/www.kontrowersjewpediatrii.pl\/2023\/\"},{\"@type\":\"ListItem\",\"position\":2,\"name\":\"Regulamin\"}]}]}<\/script>\n<!-- \/ Yoast SEO plugin. -->","yoast_head_json":{"title":"Regulamin | Kontrowersje w pediatrii","description":"Najnowsze doniesienia naukowe i kontrowersyjne tematy - to wszystko podczas konferencji dla pediatr\u00f3w i specjalist\u00f3w medycyny rodzinnej w Krakowie","robots":{"index":"index","follow":"follow","max-snippet":"max-snippet:-1","max-image-preview":"max-image-preview:large","max-video-preview":"max-video-preview:-1"},"canonical":"https:\/\/www.kontrowersjewpediatrii.pl\/2023\/regulamin\/","og_locale":"pl_PL","og_type":"article","og_title":"Regulamin | Kontrowersje w pediatrii","og_description":"Najnowsze doniesienia naukowe i kontrowersyjne tematy - to wszystko podczas konferencji dla pediatr\u00f3w i specjalist\u00f3w medycyny rodzinnej w Krakowie","og_url":"https:\/\/www.kontrowersjewpediatrii.pl\/2023\/regulamin\/","og_site_name":"Kontrowersje w pediatrii","article_modified_time":"2022-01-11T12:02:18+00:00","twitter_card":"summary_large_image","twitter_misc":{"Szacowany czas czytania":"7 minut"},"schema":{"@context":"https:\/\/schema.org","@graph":[{"@type":"Organization","@id":"https:\/\/www.kontrowersjewpediatrii.pl\/2023\/#organization","name":"Kontrowersje w Pediatrii","url":"https:\/\/www.kontrowersjewpediatrii.pl\/2023\/","sameAs":[],"logo":{"@type":"ImageObject","inLanguage":"pl-PL","@id":"https:\/\/www.kontrowersjewpediatrii.pl\/2023\/#\/schema\/logo\/image\/","url":"https:\/\/www.kontrowersjewpediatrii.pl\/wp-content\/uploads\/2022\/11\/cropped-Projekt-bez-tytulu.png","contentUrl":"https:\/\/www.kontrowersjewpediatrii.pl\/wp-content\/uploads\/2022\/11\/cropped-Projekt-bez-tytulu.png","width":512,"height":512,"caption":"Kontrowersje w Pediatrii"},"image":{"@id":"https:\/\/www.kontrowersjewpediatrii.pl\/2023\/#\/schema\/logo\/image\/"}},{"@type":"WebSite","@id":"https:\/\/www.kontrowersjewpediatrii.pl\/2023\/#website","url":"https:\/\/www.kontrowersjewpediatrii.pl\/2023\/","name":"Kontrowersje w pediatrii","description":"XVI Konferencja dla Pediatr\u00f3w","publisher":{"@id":"https:\/\/www.kontrowersjewpediatrii.pl\/2023\/#organization"},"potentialAction":[{"@type":"SearchAction","target":{"@type":"EntryPoint","urlTemplate":"https:\/\/www.kontrowersjewpediatrii.pl\/2023\/?s={search_term_string}"},"query-input":"required name=search_term_string"}],"inLanguage":"pl-PL"},{"@type":"WebPage","@id":"https:\/\/www.kontrowersjewpediatrii.pl\/2023\/regulamin\/","url":"https:\/\/www.kontrowersjewpediatrii.pl\/2023\/regulamin\/","name":"Regulamin | Kontrowersje w pediatrii","isPartOf":{"@id":"https:\/\/www.kontrowersjewpediatrii.pl\/2023\/#website"},"datePublished":"2021-01-13T12:40:06+00:00","dateModified":"2022-01-11T12:02:18+00:00","description":"Najnowsze doniesienia naukowe i kontrowersyjne tematy - to wszystko podczas konferencji dla pediatr\u00f3w i specjalist\u00f3w medycyny rodzinnej w Krakowie","breadcrumb":{"@id":"https:\/\/www.kontrowersjewpediatrii.pl\/2023\/regulamin\/#breadcrumb"},"inLanguage":"pl-PL","potentialAction":[{"@type":"ReadAction","target":["https:\/\/www.kontrowersjewpediatrii.pl\/2023\/regulamin\/"]}]},{"@type":"BreadcrumbList","@id":"https:\/\/www.kontrowersjewpediatrii.pl\/2023\/regulamin\/#breadcrumb","itemListElement":[{"@type":"ListItem","position":1,"name":"Strona g\u0142\u00f3wna","item":"https:\/\/www.kontrowersjewpediatrii.pl\/2023\/"},{"@type":"ListItem","position":2,"name":"Regulamin"}]}]}},"_links":{"self":[{"href":"https:\/\/www.kontrowersjewpediatrii.pl\/2023\/wp-json\/wp\/v2\/pages\/918"}],"collection":[{"href":"https:\/\/www.kontrowersjewpediatrii.pl\/2023\/wp-json\/wp\/v2\/pages"}],"about":[{"href":"https:\/\/www.kontrowersjewpediatrii.pl\/2023\/wp-json\/wp\/v2\/types\/page"}],"author":[{"embeddable":true,"href":"https:\/\/www.kontrowersjewpediatrii.pl\/2023\/wp-json\/wp\/v2\/users\/1"}],"replies":[{"embeddable":true,"href":"https:\/\/www.kontrowersjewpediatrii.pl\/2023\/wp-json\/wp\/v2\/comments?post=918"}],"version-history":[{"count":4,"href":"https:\/\/www.kontrowersjewpediatrii.pl\/2023\/wp-json\/wp\/v2\/pages\/918\/revisions"}],"predecessor-version":[{"id":1687,"href":"https:\/\/www.kontrowersjewpediatrii.pl\/2023\/wp-json\/wp\/v2\/pages\/918\/revisions\/1687"}],"wp:attachment":[{"href":"https:\/\/www.kontrowersjewpediatrii.pl\/2023\/wp-json\/wp\/v2\/media?parent=918"}],"curies":[{"name":"wp","href":"https:\/\/api.w.org\/{rel}","templated":true}]}}